{"id":977,"date":"2023-11-29T13:03:53","date_gmt":"2023-11-29T12:03:53","guid":{"rendered":"https:\/\/nacrattitude.com\/?post_type=product&#038;p=977"},"modified":"2024-07-19T10:19:54","modified_gmt":"2024-07-19T08:19:54","slug":"pendentif-bouton-09-petit","status":"publish","type":"product","link":"https:\/\/nacrattitude.com\/index.php\/produit\/pendentif-bouton-09-petit\/","title":{"rendered":"Pendentif Bouton #09 Petit"},"content":{"rendered":"<p>Pendentif Bouton en Nacre Grise, ancienne<\/p>\n<p>Boutons de 100 ans d\u2019\u00e2ge r\u00e9alis\u00e9s par nos arri\u00e8res grands-parents \u00e0 M\u00e9ru.<\/p>\n<p>Chaines en Acier Inoxydable, \u00e0 anneaux ou \u00e0 billes.<\/p>\n","protected":false},"excerpt":{"rendered":"<p>Pendentif Bouton en Nacre Grise, ancienne Boutons de 100 ans [&hellip;]<\/p>\n","protected":false},"featured_media":978,"template":"","meta":[],"product_brand":[],"product_cat":[23,22],"product_tag":[],"class_list":{"0":"post-977","1":"product","2":"type-product","3":"status-publish","4":"has-post-thumbnail","6":"product_cat-collier-nacre","7":"product_cat-nacre","9":"first","10":"instock","11":"shipping-taxable","12":"purchasable","13":"product-type-simple"},"jetpack_sharing_enabled":true,"_links":{"self":[{"href":"https:\/\/nacrattitude.com\/index.php\/wp-json\/wp\/v2\/product\/977","targetHints":{"allow":["GET"]}}],"collection":[{"href":"https:\/\/nacrattitude.com\/index.php\/wp-json\/wp\/v2\/product"}],"about":[{"href":"https:\/\/nacrattitude.com\/index.php\/wp-json\/wp\/v2\/types\/product"}],"wp:featuredmedia":[{"embeddable":true,"href":"https:\/\/nacrattitude.com\/index.php\/wp-json\/wp\/v2\/media\/978"}],"wp:attachment":[{"href":"https:\/\/nacrattitude.com\/index.php\/wp-json\/wp\/v2\/media?parent=977"}],"wp:term":[{"taxonomy":"product_brand","embeddable":true,"href":"https:\/\/nacrattitude.com\/index.php\/wp-json\/wp\/v2\/product_brand?post=977"},{"taxonomy":"product_cat","embeddable":true,"href":"https:\/\/nacrattitude.com\/index.php\/wp-json\/wp\/v2\/product_cat?post=977"},{"taxonomy":"product_tag","embeddable":true,"href":"https:\/\/nacrattitude.com\/index.php\/wp-json\/wp\/v2\/product_tag?post=977"}],"curies":[{"name":"wp","href":"https:\/\/api.w.org\/{rel}","templated":true}]}}