{"id":960,"date":"2023-11-29T12:09:27","date_gmt":"2023-11-29T11:09:27","guid":{"rendered":"https:\/\/nacrattitude.com\/?post_type=product&#038;p=960"},"modified":"2023-11-29T12:11:01","modified_gmt":"2023-11-29T11:11:01","slug":"03-pendentif-croix-en-nacre","status":"publish","type":"product","link":"https:\/\/nacrattitude.com\/index.php\/produit\/03-pendentif-croix-en-nacre\/","title":{"rendered":"#03 Pendentif Croix en Nacre"},"content":{"rendered":"<p>Pendentif en Nacre, croix anciennes de plus de 100 ans d&rsquo;\u00e2ge r\u00e9alis\u00e9es par nos arri\u00e8res grands-parents \u00e0 M\u00e9ru.<\/p>\n<p>Chaines en acier inoxydable dor\u00e9es.<\/p>\n","protected":false},"excerpt":{"rendered":"<p>Pendentif en Nacre, croix anciennes de plus de 100 ans [&hellip;]<\/p>\n","protected":false},"featured_media":961,"template":"","meta":[],"product_brand":[],"product_cat":[23,42,22],"product_tag":[],"class_list":{"0":"post-960","1":"product","2":"type-product","3":"status-publish","4":"has-post-thumbnail","6":"product_cat-collier-nacre","7":"product_cat-croix","8":"product_cat-nacre","10":"first","11":"instock","12":"shipping-taxable","13":"purchasable","14":"product-type-simple"},"jetpack_sharing_enabled":true,"_links":{"self":[{"href":"https:\/\/nacrattitude.com\/index.php\/wp-json\/wp\/v2\/product\/960","targetHints":{"allow":["GET"]}}],"collection":[{"href":"https:\/\/nacrattitude.com\/index.php\/wp-json\/wp\/v2\/product"}],"about":[{"href":"https:\/\/nacrattitude.com\/index.php\/wp-json\/wp\/v2\/types\/product"}],"wp:featuredmedia":[{"embeddable":true,"href":"https:\/\/nacrattitude.com\/index.php\/wp-json\/wp\/v2\/media\/961"}],"wp:attachment":[{"href":"https:\/\/nacrattitude.com\/index.php\/wp-json\/wp\/v2\/media?parent=960"}],"wp:term":[{"taxonomy":"product_brand","embeddable":true,"href":"https:\/\/nacrattitude.com\/index.php\/wp-json\/wp\/v2\/product_brand?post=960"},{"taxonomy":"product_cat","embeddable":true,"href":"https:\/\/nacrattitude.com\/index.php\/wp-json\/wp\/v2\/product_cat?post=960"},{"taxonomy":"product_tag","embeddable":true,"href":"https:\/\/nacrattitude.com\/index.php\/wp-json\/wp\/v2\/product_tag?post=960"}],"curies":[{"name":"wp","href":"https:\/\/api.w.org\/{rel}","templated":true}]}}