{"id":547,"date":"2022-10-29T18:13:30","date_gmt":"2022-10-29T16:13:30","guid":{"rendered":"https:\/\/nacrattitude.com\/?post_type=product&#038;p=547"},"modified":"2022-10-29T18:13:30","modified_gmt":"2022-10-29T16:13:30","slug":"collier-lumiere","status":"publish","type":"product","link":"https:\/\/nacrattitude.com\/index.php\/produit\/collier-lumiere\/","title":{"rendered":"Collier Lumi\u00e8re"},"content":{"rendered":"<p><b>Collier Lumi\u00e8re<\/b><\/p>\n<ul>\n<li style=\"font-weight: 400;\" aria-level=\"1\"><span style=\"font-weight: 400;\">Perles en agate facett\u00e9es transparente<\/span><\/li>\n<li style=\"font-weight: 400;\" aria-level=\"1\"><span style=\"font-weight: 400;\">Perles en h\u00e9matite\u00a0<\/span><\/li>\n<li style=\"font-weight: 400;\" aria-level=\"1\"><span style=\"font-weight: 400;\">Appr\u00eats argent\u00e9s en acier inoxydable<\/span><\/li>\n<li style=\"font-weight: 400;\" aria-level=\"1\"><span style=\"font-weight: 400;\">Collier de 39 cm avec une cha\u00eene d\u2019extension de 5 cm.<\/span><\/li>\n<\/ul>\n<p><span style=\"font-weight: 400;\">&gt; Ne pas h\u00e9siter \u00e0 nous contacter pour avoir une cha\u00eene d\u2019extension plus longue.\u00a0<\/span><\/p>\n<p><span style=\"font-weight: 400;\">Pour assurer une longue vie \u00e0 votre bijou, consultez nos conseils d\u2019entretiens.<\/span><\/p>\n<p><br style=\"font-weight: 400;\" \/><br style=\"font-weight: 400;\" \/><\/p>\n","protected":false},"excerpt":{"rendered":"<p>Collier Lumi\u00e8re Perles en agate facett\u00e9es transparente Perles en h\u00e9matite\u00a0 [&hellip;]<\/p>\n","protected":false},"featured_media":516,"template":"","meta":[],"product_brand":[],"product_cat":[23],"product_tag":[],"class_list":{"0":"post-547","1":"product","2":"type-product","3":"status-publish","4":"has-post-thumbnail","6":"product_cat-collier-nacre","8":"first","9":"instock","10":"shipping-taxable","11":"purchasable","12":"product-type-simple"},"jetpack_sharing_enabled":true,"_links":{"self":[{"href":"https:\/\/nacrattitude.com\/index.php\/wp-json\/wp\/v2\/product\/547","targetHints":{"allow":["GET"]}}],"collection":[{"href":"https:\/\/nacrattitude.com\/index.php\/wp-json\/wp\/v2\/product"}],"about":[{"href":"https:\/\/nacrattitude.com\/index.php\/wp-json\/wp\/v2\/types\/product"}],"wp:featuredmedia":[{"embeddable":true,"href":"https:\/\/nacrattitude.com\/index.php\/wp-json\/wp\/v2\/media\/516"}],"wp:attachment":[{"href":"https:\/\/nacrattitude.com\/index.php\/wp-json\/wp\/v2\/media?parent=547"}],"wp:term":[{"taxonomy":"product_brand","embeddable":true,"href":"https:\/\/nacrattitude.com\/index.php\/wp-json\/wp\/v2\/product_brand?post=547"},{"taxonomy":"product_cat","embeddable":true,"href":"https:\/\/nacrattitude.com\/index.php\/wp-json\/wp\/v2\/product_cat?post=547"},{"taxonomy":"product_tag","embeddable":true,"href":"https:\/\/nacrattitude.com\/index.php\/wp-json\/wp\/v2\/product_tag?post=547"}],"curies":[{"name":"wp","href":"https:\/\/api.w.org\/{rel}","templated":true}]}}