{"id":544,"date":"2022-10-29T18:03:53","date_gmt":"2022-10-29T16:03:53","guid":{"rendered":"https:\/\/nacrattitude.com\/?post_type=product&#038;p=544"},"modified":"2022-10-29T18:03:54","modified_gmt":"2022-10-29T16:03:54","slug":"collier-peachy-sun","status":"publish","type":"product","link":"https:\/\/nacrattitude.com\/index.php\/produit\/collier-peachy-sun\/","title":{"rendered":"Collier Peachy Sun"},"content":{"rendered":"<p><strong>Collier Peachy Sun<\/strong><\/p>\n<p><span style=\"font-weight: 400;\">D\u00e9clinaison : Colors, Ocean, Dulce, Elements, Amour, Candy &amp; Crayon<\/span><\/p>\n<ul>\n<li style=\"font-weight: 400;\" aria-level=\"1\"><span style=\"font-weight: 400;\">Perles de culture d\u2019eau douce naturelles<\/span><\/li>\n<li style=\"font-weight: 400;\" aria-level=\"1\"><span style=\"font-weight: 400;\">Perles de verres color\u00e9es (Orange clair, Jaune)<\/span><\/li>\n<li style=\"font-weight: 400;\" aria-level=\"1\"><span style=\"font-weight: 400;\">Appr\u00eats dor\u00e9s en acier inoxydable<\/span><\/li>\n<li style=\"font-weight: 400;\" aria-level=\"1\"><span style=\"font-weight: 400;\">Collier de 38cm avec une cha\u00eene d\u2019extension de 3 cm.<\/span><\/li>\n<\/ul>\n<p><span style=\"font-weight: 400;\">&gt; Ne pas h\u00e9siter \u00e0 nous contacter pour avoir une cha\u00eene d\u2019extension plus longue.\u00a0<\/span><\/p>\n<p><span style=\"font-weight: 400;\">Pour assurer une longue vie \u00e0 votre bijou, consultez nos conseils d\u2019entretiens.<\/span><\/p>\n<p>&nbsp;<\/p>\n","protected":false},"excerpt":{"rendered":"<p>Collier Peachy Sun D\u00e9clinaison : Colors, Ocean, Dulce, Elements, Amour, [&hellip;]<\/p>\n","protected":false},"featured_media":526,"template":"","meta":[],"product_brand":[],"product_cat":[23],"product_tag":[],"class_list":{"0":"post-544","1":"product","2":"type-product","3":"status-publish","4":"has-post-thumbnail","6":"product_cat-collier-nacre","8":"first","9":"instock","10":"shipping-taxable","11":"purchasable","12":"product-type-simple"},"jetpack_sharing_enabled":true,"_links":{"self":[{"href":"https:\/\/nacrattitude.com\/index.php\/wp-json\/wp\/v2\/product\/544","targetHints":{"allow":["GET"]}}],"collection":[{"href":"https:\/\/nacrattitude.com\/index.php\/wp-json\/wp\/v2\/product"}],"about":[{"href":"https:\/\/nacrattitude.com\/index.php\/wp-json\/wp\/v2\/types\/product"}],"wp:featuredmedia":[{"embeddable":true,"href":"https:\/\/nacrattitude.com\/index.php\/wp-json\/wp\/v2\/media\/526"}],"wp:attachment":[{"href":"https:\/\/nacrattitude.com\/index.php\/wp-json\/wp\/v2\/media?parent=544"}],"wp:term":[{"taxonomy":"product_brand","embeddable":true,"href":"https:\/\/nacrattitude.com\/index.php\/wp-json\/wp\/v2\/product_brand?post=544"},{"taxonomy":"product_cat","embeddable":true,"href":"https:\/\/nacrattitude.com\/index.php\/wp-json\/wp\/v2\/product_cat?post=544"},{"taxonomy":"product_tag","embeddable":true,"href":"https:\/\/nacrattitude.com\/index.php\/wp-json\/wp\/v2\/product_tag?post=544"}],"curies":[{"name":"wp","href":"https:\/\/api.w.org\/{rel}","templated":true}]}}