{"id":42,"date":"2022-07-04T18:54:29","date_gmt":"2022-07-04T16:54:29","guid":{"rendered":"https:\/\/nacrattitude.com\/?post_type=product&#038;p=42"},"modified":"2022-10-29T18:59:05","modified_gmt":"2022-10-29T16:59:05","slug":"collier-dentele","status":"publish","type":"product","link":"https:\/\/nacrattitude.com\/index.php\/produit\/collier-dentele\/","title":{"rendered":"Collier Dentel\u00e9"},"content":{"rendered":"<p><b>Collier Dentel\u00e9<\/b><\/p>\n<p>&nbsp;<\/p>\n<ul>\n<li style=\"font-weight: 400;\" aria-level=\"1\"><span style=\"font-weight: 400;\">R\u00e9alis\u00e9s dans les ann\u00e9es 1920 par nos arri\u00e8res arri\u00e8res grands-parents. Ce collier de plus de 100 ans d\u2019\u00e2ge est en pi\u00e8ces limit\u00e9s (environ 4 exemplaires restants, technique plus reproductible)<\/span><\/li>\n<\/ul>\n<ul>\n<li style=\"font-weight: 400;\" aria-level=\"1\"><span style=\"font-weight: 400;\">Morceaux de Nacre cousues sur une ganse.<\/span><\/li>\n<li style=\"font-weight: 400;\" aria-level=\"1\"><span style=\"font-weight: 400;\">Collier de Xcm<\/span><\/li>\n<li aria-level=\"1\">Attache coquillage<\/li>\n<\/ul>\n<p>&nbsp;<\/p>\n<p><span style=\"font-weight: 400;\">Pour assurer une longue vie \u00e0 votre bijou, consultez nos conseils d\u2019entretiens.<\/span><\/p>\n<p><br style=\"font-weight: 400;\" \/><br style=\"font-weight: 400;\" \/><\/p>\n","protected":false},"excerpt":{"rendered":"<p>Collier Dentel\u00e9 &nbsp; R\u00e9alis\u00e9s dans les ann\u00e9es 1920 par nos [&hellip;]<\/p>\n","protected":false},"featured_media":253,"template":"","meta":[],"product_brand":[],"product_cat":[23,22],"product_tag":[],"class_list":{"0":"post-42","1":"product","2":"type-product","3":"status-publish","4":"has-post-thumbnail","6":"product_cat-collier-nacre","7":"product_cat-nacre","9":"first","10":"instock","11":"shipping-taxable","12":"purchasable","13":"product-type-simple"},"jetpack_sharing_enabled":true,"_links":{"self":[{"href":"https:\/\/nacrattitude.com\/index.php\/wp-json\/wp\/v2\/product\/42","targetHints":{"allow":["GET"]}}],"collection":[{"href":"https:\/\/nacrattitude.com\/index.php\/wp-json\/wp\/v2\/product"}],"about":[{"href":"https:\/\/nacrattitude.com\/index.php\/wp-json\/wp\/v2\/types\/product"}],"wp:featuredmedia":[{"embeddable":true,"href":"https:\/\/nacrattitude.com\/index.php\/wp-json\/wp\/v2\/media\/253"}],"wp:attachment":[{"href":"https:\/\/nacrattitude.com\/index.php\/wp-json\/wp\/v2\/media?parent=42"}],"wp:term":[{"taxonomy":"product_brand","embeddable":true,"href":"https:\/\/nacrattitude.com\/index.php\/wp-json\/wp\/v2\/product_brand?post=42"},{"taxonomy":"product_cat","embeddable":true,"href":"https:\/\/nacrattitude.com\/index.php\/wp-json\/wp\/v2\/product_cat?post=42"},{"taxonomy":"product_tag","embeddable":true,"href":"https:\/\/nacrattitude.com\/index.php\/wp-json\/wp\/v2\/product_tag?post=42"}],"curies":[{"name":"wp","href":"https:\/\/api.w.org\/{rel}","templated":true}]}}