{"id":380,"date":"2022-08-30T17:03:06","date_gmt":"2022-08-30T15:03:06","guid":{"rendered":"https:\/\/nacrattitude.com\/?post_type=product&#038;p=380"},"modified":"2022-08-30T17:04:05","modified_gmt":"2022-08-30T15:04:05","slug":"carte-cadeau","status":"publish","type":"product","link":"https:\/\/nacrattitude.com\/index.php\/produit\/carte-cadeau\/","title":{"rendered":"Carte Cadeau"},"content":{"rendered":"<p>Vous souhaitez offrir un bijou Nacr&rsquo;attitude mais vous n&rsquo;arrivez pas \u00e0 choisir, optez pour la carte cadeau !<\/p>\n<p>Tous les bijoux <b>Nacr&rsquo;attitude\u00a0<\/b>sont con\u00e7us \u00e0 la main, avec une tr\u00e8s grande attention.<\/p>\n<p>Les perles d&rsquo;eau douce, la Nacre ou encore les min\u00e9raux sont naturelles et peuvent montrer des asp\u00e9rit\u00e9s.\u00a0Celles-ci ne repr\u00e9sentent en rien des d\u00e9fauts mais sont plut\u00f4t symboles de singularit\u00e9.<br \/>\nConcernant les \u00e9l\u00e9ments upcycl\u00e9s, ils peuvent montrer quelques signes d\u2019usure, ce qui les rend uniques et met en lumi\u00e8re leur histoire. Notamment concernant nos boutons anciens en Nacre, de plus de 100 ans d&rsquo;\u00e2ge.<\/p>\n<p>Pour profiter le plus longuement de votre bijou, consultez nos conseils d&rsquo;entretien.<\/p>\n<p>Love<\/p>\n","protected":false},"excerpt":{"rendered":"<p>Vous souhaitez offrir un bijou Nacr&rsquo;attitude mais vous n&rsquo;arrivez pas [&hellip;]<\/p>\n","protected":false},"featured_media":394,"template":"","meta":[],"product_brand":[],"product_cat":[34],"product_tag":[],"class_list":{"0":"post-380","1":"product","2":"type-product","3":"status-publish","4":"has-post-thumbnail","6":"product_cat-carte-cadeau","8":"first","9":"instock","10":"shipping-taxable","11":"purchasable","12":"product-type-pw-gift-card"},"jetpack_sharing_enabled":true,"_links":{"self":[{"href":"https:\/\/nacrattitude.com\/index.php\/wp-json\/wp\/v2\/product\/380","targetHints":{"allow":["GET"]}}],"collection":[{"href":"https:\/\/nacrattitude.com\/index.php\/wp-json\/wp\/v2\/product"}],"about":[{"href":"https:\/\/nacrattitude.com\/index.php\/wp-json\/wp\/v2\/types\/product"}],"wp:featuredmedia":[{"embeddable":true,"href":"https:\/\/nacrattitude.com\/index.php\/wp-json\/wp\/v2\/media\/394"}],"wp:attachment":[{"href":"https:\/\/nacrattitude.com\/index.php\/wp-json\/wp\/v2\/media?parent=380"}],"wp:term":[{"taxonomy":"product_brand","embeddable":true,"href":"https:\/\/nacrattitude.com\/index.php\/wp-json\/wp\/v2\/product_brand?post=380"},{"taxonomy":"product_cat","embeddable":true,"href":"https:\/\/nacrattitude.com\/index.php\/wp-json\/wp\/v2\/product_cat?post=380"},{"taxonomy":"product_tag","embeddable":true,"href":"https:\/\/nacrattitude.com\/index.php\/wp-json\/wp\/v2\/product_tag?post=380"}],"curies":[{"name":"wp","href":"https:\/\/api.w.org\/{rel}","templated":true}]}}