{"id":297,"date":"2022-07-07T18:17:39","date_gmt":"2022-07-07T16:17:39","guid":{"rendered":"https:\/\/nacrattitude.com\/?post_type=product&#038;p=297"},"modified":"2022-10-29T19:03:32","modified_gmt":"2022-10-29T17:03:32","slug":"chapelet","status":"publish","type":"product","link":"https:\/\/nacrattitude.com\/index.php\/produit\/chapelet\/","title":{"rendered":"Chapelet"},"content":{"rendered":"<p><b>Chapelet<\/b><\/p>\n<p>&nbsp;<\/p>\n<ul>\n<li style=\"font-weight: 400;\" aria-level=\"1\"><span style=\"font-weight: 400;\">R\u00e9alis\u00e9s dans les ann\u00e9es 1920 par nos arri\u00e8res arri\u00e8res grands-parents. Ce chapelet poss\u00e8de plus de 100 ans d\u2019\u00e2ge et est en pi\u00e8ces limit\u00e9es.\u00a0<\/span><\/li>\n<li style=\"font-weight: 400;\" aria-level=\"1\"><span style=\"font-weight: 400;\">Croix en Nacre de plus de 100 ans d\u2019\u00e2ge.\u00a0<\/span><\/li>\n<li style=\"font-weight: 400;\" aria-level=\"1\"><span style=\"font-weight: 400;\">Perles en Nacre<\/span><\/li>\n<li style=\"font-weight: 400;\" aria-level=\"1\"><span style=\"font-weight: 400;\">M\u00e9daillon argent\u00e9 avec Terre de J\u00e9rusalem.\u00a0<\/span><\/li>\n<li style=\"font-weight: 400;\" aria-level=\"1\"><span style=\"font-weight: 400;\">Appr\u00eats, cha\u00eene en argent<\/span><\/li>\n<li style=\"font-weight: 400;\" aria-level=\"1\"><span style=\"font-weight: 400;\">Collier de Xcm avec une cha\u00eene d\u2019extension de X cm<\/span><\/li>\n<\/ul>\n<p><span style=\"font-weight: 400;\">Pour assurer une longue vie \u00e0 votre bijou, consultez nos conseils d\u2019entretiens.<\/span><\/p>\n<p><br style=\"font-weight: 400;\" \/><br style=\"font-weight: 400;\" \/><\/p>\n","protected":false},"excerpt":{"rendered":"<p>Chapelet &nbsp; R\u00e9alis\u00e9s dans les ann\u00e9es 1920 par nos arri\u00e8res [&hellip;]<\/p>\n","protected":false},"featured_media":281,"template":"","meta":[],"product_brand":[],"product_cat":[23,22],"product_tag":[],"class_list":{"0":"post-297","1":"product","2":"type-product","3":"status-publish","4":"has-post-thumbnail","6":"product_cat-collier-nacre","7":"product_cat-nacre","9":"first","10":"instock","11":"shipping-taxable","12":"purchasable","13":"product-type-simple"},"jetpack_sharing_enabled":true,"_links":{"self":[{"href":"https:\/\/nacrattitude.com\/index.php\/wp-json\/wp\/v2\/product\/297","targetHints":{"allow":["GET"]}}],"collection":[{"href":"https:\/\/nacrattitude.com\/index.php\/wp-json\/wp\/v2\/product"}],"about":[{"href":"https:\/\/nacrattitude.com\/index.php\/wp-json\/wp\/v2\/types\/product"}],"wp:featuredmedia":[{"embeddable":true,"href":"https:\/\/nacrattitude.com\/index.php\/wp-json\/wp\/v2\/media\/281"}],"wp:attachment":[{"href":"https:\/\/nacrattitude.com\/index.php\/wp-json\/wp\/v2\/media?parent=297"}],"wp:term":[{"taxonomy":"product_brand","embeddable":true,"href":"https:\/\/nacrattitude.com\/index.php\/wp-json\/wp\/v2\/product_brand?post=297"},{"taxonomy":"product_cat","embeddable":true,"href":"https:\/\/nacrattitude.com\/index.php\/wp-json\/wp\/v2\/product_cat?post=297"},{"taxonomy":"product_tag","embeddable":true,"href":"https:\/\/nacrattitude.com\/index.php\/wp-json\/wp\/v2\/product_tag?post=297"}],"curies":[{"name":"wp","href":"https:\/\/api.w.org\/{rel}","templated":true}]}}