{"id":1419,"date":"2024-01-06T17:46:55","date_gmt":"2024-01-06T16:46:55","guid":{"rendered":"https:\/\/nacrattitude.com\/?post_type=product&#038;p=1419"},"modified":"2024-01-06T17:46:55","modified_gmt":"2024-01-06T16:46:55","slug":"carte-19","status":"publish","type":"product","link":"https:\/\/nacrattitude.com\/index.php\/produit\/carte-19\/","title":{"rendered":"Carte #19"},"content":{"rendered":"<p>6 boutons anciens en Nacre blanche, grav\u00e9s et r\u00e9alis\u00e9s \u00e0 M\u00e9ru dans l\u2019Oise dans les ann\u00e9es 1910, 1920.<\/p>\n<p>Cousu sur son carton d\u2019\u00e9poque par nos arri\u00e8res grands-m\u00e8res encarteuses.<\/p>\n","protected":false},"excerpt":{"rendered":"<p>6 boutons anciens en Nacre blanche, grav\u00e9s et r\u00e9alis\u00e9s \u00e0 [&hellip;]<\/p>\n","protected":false},"featured_media":1301,"template":"","meta":[],"product_brand":[],"product_cat":[45,22],"product_tag":[],"class_list":{"0":"post-1419","1":"product","2":"type-product","3":"status-publish","4":"has-post-thumbnail","6":"product_cat-boutons-cartes","7":"product_cat-nacre","9":"first","10":"instock","11":"shipping-taxable","12":"purchasable","13":"product-type-simple"},"jetpack_sharing_enabled":true,"_links":{"self":[{"href":"https:\/\/nacrattitude.com\/index.php\/wp-json\/wp\/v2\/product\/1419","targetHints":{"allow":["GET"]}}],"collection":[{"href":"https:\/\/nacrattitude.com\/index.php\/wp-json\/wp\/v2\/product"}],"about":[{"href":"https:\/\/nacrattitude.com\/index.php\/wp-json\/wp\/v2\/types\/product"}],"wp:featuredmedia":[{"embeddable":true,"href":"https:\/\/nacrattitude.com\/index.php\/wp-json\/wp\/v2\/media\/1301"}],"wp:attachment":[{"href":"https:\/\/nacrattitude.com\/index.php\/wp-json\/wp\/v2\/media?parent=1419"}],"wp:term":[{"taxonomy":"product_brand","embeddable":true,"href":"https:\/\/nacrattitude.com\/index.php\/wp-json\/wp\/v2\/product_brand?post=1419"},{"taxonomy":"product_cat","embeddable":true,"href":"https:\/\/nacrattitude.com\/index.php\/wp-json\/wp\/v2\/product_cat?post=1419"},{"taxonomy":"product_tag","embeddable":true,"href":"https:\/\/nacrattitude.com\/index.php\/wp-json\/wp\/v2\/product_tag?post=1419"}],"curies":[{"name":"wp","href":"https:\/\/api.w.org\/{rel}","templated":true}]}}