{"id":1387,"date":"2024-01-05T14:40:36","date_gmt":"2024-01-05T13:40:36","guid":{"rendered":"https:\/\/nacrattitude.com\/?post_type=product&#038;p=1387"},"modified":"2024-09-16T12:23:52","modified_gmt":"2024-09-16T10:23:52","slug":"carte-10","status":"publish","type":"product","link":"https:\/\/nacrattitude.com\/index.php\/produit\/carte-10\/","title":{"rendered":"Carte #10"},"content":{"rendered":"<p>12 boutons anciens en Nacre blanche, grav\u00e9s et r\u00e9alis\u00e9s \u00e0 M\u00e9ru dans l&rsquo;Oise dans les ann\u00e9es 1910, 1920.<\/p>\n<p>Cousu sur son carton d&rsquo;\u00e9poque par nos arri\u00e8res grands-m\u00e8res encarteuses.<\/p>\n<p>&nbsp;<\/p>\n","protected":false},"excerpt":{"rendered":"<p>12 boutons anciens en Nacre blanche, grav\u00e9s et r\u00e9alis\u00e9s \u00e0 [&hellip;]<\/p>\n","protected":false},"featured_media":1284,"template":"","meta":[],"product_brand":[],"product_cat":[45,22],"product_tag":[],"class_list":{"0":"post-1387","1":"product","2":"type-product","3":"status-publish","4":"has-post-thumbnail","6":"product_cat-boutons-cartes","7":"product_cat-nacre","9":"first","10":"outofstock","11":"shipping-taxable","12":"purchasable","13":"product-type-simple"},"jetpack_sharing_enabled":true,"_links":{"self":[{"href":"https:\/\/nacrattitude.com\/index.php\/wp-json\/wp\/v2\/product\/1387","targetHints":{"allow":["GET"]}}],"collection":[{"href":"https:\/\/nacrattitude.com\/index.php\/wp-json\/wp\/v2\/product"}],"about":[{"href":"https:\/\/nacrattitude.com\/index.php\/wp-json\/wp\/v2\/types\/product"}],"wp:featuredmedia":[{"embeddable":true,"href":"https:\/\/nacrattitude.com\/index.php\/wp-json\/wp\/v2\/media\/1284"}],"wp:attachment":[{"href":"https:\/\/nacrattitude.com\/index.php\/wp-json\/wp\/v2\/media?parent=1387"}],"wp:term":[{"taxonomy":"product_brand","embeddable":true,"href":"https:\/\/nacrattitude.com\/index.php\/wp-json\/wp\/v2\/product_brand?post=1387"},{"taxonomy":"product_cat","embeddable":true,"href":"https:\/\/nacrattitude.com\/index.php\/wp-json\/wp\/v2\/product_cat?post=1387"},{"taxonomy":"product_tag","embeddable":true,"href":"https:\/\/nacrattitude.com\/index.php\/wp-json\/wp\/v2\/product_tag?post=1387"}],"curies":[{"name":"wp","href":"https:\/\/api.w.org\/{rel}","templated":true}]}}