{"id":1239,"date":"2024-01-01T11:49:11","date_gmt":"2024-01-01T10:49:11","guid":{"rendered":"https:\/\/nacrattitude.com\/?post_type=product&#038;p=1239"},"modified":"2024-01-01T11:49:12","modified_gmt":"2024-01-01T10:49:12","slug":"bague-fleur-en-nacre-11","status":"publish","type":"product","link":"https:\/\/nacrattitude.com\/index.php\/produit\/bague-fleur-en-nacre-11\/","title":{"rendered":"Bague Fleur en Nacre #11"},"content":{"rendered":"<p>Bague Fleur en Nacre Grise.<\/p>\n<p>Bouton de 100 ans d\u2019\u00e2ge, r\u00e9alis\u00e9 par nos arri\u00e8res grands-parents \u00e0 M\u00e9ru.<\/p>\n<p>Anneau taille r\u00e9glable.<\/p>\n","protected":false},"excerpt":{"rendered":"<p>Bague Fleur en Nacre Grise. Bouton de 100 ans d\u2019\u00e2ge, [&hellip;]<\/p>\n","protected":false},"featured_media":1217,"template":"","meta":[],"product_brand":[],"product_cat":[21],"product_tag":[],"class_list":{"0":"post-1239","1":"product","2":"type-product","3":"status-publish","4":"has-post-thumbnail","6":"product_cat-non-classe","8":"first","9":"instock","10":"shipping-taxable","11":"purchasable","12":"product-type-simple"},"jetpack_sharing_enabled":true,"_links":{"self":[{"href":"https:\/\/nacrattitude.com\/index.php\/wp-json\/wp\/v2\/product\/1239","targetHints":{"allow":["GET"]}}],"collection":[{"href":"https:\/\/nacrattitude.com\/index.php\/wp-json\/wp\/v2\/product"}],"about":[{"href":"https:\/\/nacrattitude.com\/index.php\/wp-json\/wp\/v2\/types\/product"}],"wp:featuredmedia":[{"embeddable":true,"href":"https:\/\/nacrattitude.com\/index.php\/wp-json\/wp\/v2\/media\/1217"}],"wp:attachment":[{"href":"https:\/\/nacrattitude.com\/index.php\/wp-json\/wp\/v2\/media?parent=1239"}],"wp:term":[{"taxonomy":"product_brand","embeddable":true,"href":"https:\/\/nacrattitude.com\/index.php\/wp-json\/wp\/v2\/product_brand?post=1239"},{"taxonomy":"product_cat","embeddable":true,"href":"https:\/\/nacrattitude.com\/index.php\/wp-json\/wp\/v2\/product_cat?post=1239"},{"taxonomy":"product_tag","embeddable":true,"href":"https:\/\/nacrattitude.com\/index.php\/wp-json\/wp\/v2\/product_tag?post=1239"}],"curies":[{"name":"wp","href":"https:\/\/api.w.org\/{rel}","templated":true}]}}