{"id":1213,"date":"2024-01-01T11:45:52","date_gmt":"2024-01-01T10:45:52","guid":{"rendered":"https:\/\/nacrattitude.com\/?post_type=product&#038;p=1213"},"modified":"2024-01-01T11:45:52","modified_gmt":"2024-01-01T10:45:52","slug":"bague-fleur-en-nacre-12","status":"publish","type":"product","link":"https:\/\/nacrattitude.com\/index.php\/produit\/bague-fleur-en-nacre-12\/","title":{"rendered":"Bague Fleur en Nacre #12"},"content":{"rendered":"<p>Bague Fleur en Nacre Grise.<\/p>\n<p>Bouton de 100 ans d\u2019\u00e2ge, r\u00e9alis\u00e9 par nos arri\u00e8res grands-parents \u00e0 M\u00e9ru.<\/p>\n<p>Anneau taille r\u00e9glable.<\/p>\n","protected":false},"excerpt":{"rendered":"<p>Bague Fleur en Nacre Grise. Bouton de 100 ans d\u2019\u00e2ge, [&hellip;]<\/p>\n","protected":false},"featured_media":1218,"template":"","meta":[],"product_brand":[],"product_cat":[43,22],"product_tag":[],"class_list":{"0":"post-1213","1":"product","2":"type-product","3":"status-publish","4":"has-post-thumbnail","6":"product_cat-bague-en-nacre","7":"product_cat-nacre","9":"first","10":"instock","11":"shipping-taxable","12":"purchasable","13":"product-type-simple"},"jetpack_sharing_enabled":true,"_links":{"self":[{"href":"https:\/\/nacrattitude.com\/index.php\/wp-json\/wp\/v2\/product\/1213","targetHints":{"allow":["GET"]}}],"collection":[{"href":"https:\/\/nacrattitude.com\/index.php\/wp-json\/wp\/v2\/product"}],"about":[{"href":"https:\/\/nacrattitude.com\/index.php\/wp-json\/wp\/v2\/types\/product"}],"wp:featuredmedia":[{"embeddable":true,"href":"https:\/\/nacrattitude.com\/index.php\/wp-json\/wp\/v2\/media\/1218"}],"wp:attachment":[{"href":"https:\/\/nacrattitude.com\/index.php\/wp-json\/wp\/v2\/media?parent=1213"}],"wp:term":[{"taxonomy":"product_brand","embeddable":true,"href":"https:\/\/nacrattitude.com\/index.php\/wp-json\/wp\/v2\/product_brand?post=1213"},{"taxonomy":"product_cat","embeddable":true,"href":"https:\/\/nacrattitude.com\/index.php\/wp-json\/wp\/v2\/product_cat?post=1213"},{"taxonomy":"product_tag","embeddable":true,"href":"https:\/\/nacrattitude.com\/index.php\/wp-json\/wp\/v2\/product_tag?post=1213"}],"curies":[{"name":"wp","href":"https:\/\/api.w.org\/{rel}","templated":true}]}}