{"id":1096,"date":"2023-12-02T11:04:54","date_gmt":"2023-12-02T10:04:54","guid":{"rendered":"https:\/\/nacrattitude.com\/?post_type=product&#038;p=1096"},"modified":"2024-09-16T12:51:56","modified_gmt":"2024-09-16T10:51:56","slug":"broche-fleur-en-nacre-02-petite","status":"publish","type":"product","link":"https:\/\/nacrattitude.com\/index.php\/produit\/broche-fleur-en-nacre-02-petite\/","title":{"rendered":"Broche Fleur en Nacre #02 Petite"},"content":{"rendered":"<p>Broche Bouton ancien en Nacre Blanche, forme fleur.<\/p>\n<p>Bouton de 100 ans d\u2019\u00e2ge, r\u00e9alis\u00e9 par nos arri\u00e8res grands-parents \u00e0 M\u00e9ru<\/p>\n<p>Petit mod\u00e8le<\/p>\n<p>Broche en acier inoxydable argent\u00e9<\/p>\n<p>&nbsp;<\/p>\n","protected":false},"excerpt":{"rendered":"<p>Broche Bouton ancien en Nacre Blanche, forme fleur. Bouton de [&hellip;]<\/p>\n","protected":false},"featured_media":1097,"template":"","meta":[],"product_brand":[],"product_cat":[37,22],"product_tag":[],"class_list":{"0":"post-1096","1":"product","2":"type-product","3":"status-publish","4":"has-post-thumbnail","6":"product_cat-broche-nacre","7":"product_cat-nacre","9":"first","10":"instock","11":"shipping-taxable","12":"purchasable","13":"product-type-simple"},"jetpack_sharing_enabled":true,"_links":{"self":[{"href":"https:\/\/nacrattitude.com\/index.php\/wp-json\/wp\/v2\/product\/1096","targetHints":{"allow":["GET"]}}],"collection":[{"href":"https:\/\/nacrattitude.com\/index.php\/wp-json\/wp\/v2\/product"}],"about":[{"href":"https:\/\/nacrattitude.com\/index.php\/wp-json\/wp\/v2\/types\/product"}],"wp:featuredmedia":[{"embeddable":true,"href":"https:\/\/nacrattitude.com\/index.php\/wp-json\/wp\/v2\/media\/1097"}],"wp:attachment":[{"href":"https:\/\/nacrattitude.com\/index.php\/wp-json\/wp\/v2\/media?parent=1096"}],"wp:term":[{"taxonomy":"product_brand","embeddable":true,"href":"https:\/\/nacrattitude.com\/index.php\/wp-json\/wp\/v2\/product_brand?post=1096"},{"taxonomy":"product_cat","embeddable":true,"href":"https:\/\/nacrattitude.com\/index.php\/wp-json\/wp\/v2\/product_cat?post=1096"},{"taxonomy":"product_tag","embeddable":true,"href":"https:\/\/nacrattitude.com\/index.php\/wp-json\/wp\/v2\/product_tag?post=1096"}],"curies":[{"name":"wp","href":"https:\/\/api.w.org\/{rel}","templated":true}]}}