{"id":1075,"date":"2023-11-29T19:24:53","date_gmt":"2023-11-29T18:24:53","guid":{"rendered":"https:\/\/nacrattitude.com\/?post_type=product&#038;p=1075"},"modified":"2025-11-25T17:18:21","modified_gmt":"2025-11-25T16:18:21","slug":"bague-bouton-en-nacre-09","status":"publish","type":"product","link":"https:\/\/nacrattitude.com\/index.php\/produit\/bague-bouton-en-nacre-09\/","title":{"rendered":"Bague Bouton en Nacre #09"},"content":{"rendered":"<p>Bague Bouton ancien en Nacre Blanche.<\/p>\n<p>Bouton de 100 ans d\u2019\u00e2ge, r\u00e9alis\u00e9 par nos arri\u00e8res grands-parents \u00e0 M\u00e9ru<\/p>\n<p>Anneau taille r\u00e9glable<\/p>\n","protected":false},"excerpt":{"rendered":"<p>Bague Bouton ancien en Nacre Blanche. Bouton de 100 ans [&hellip;]<\/p>\n","protected":false},"featured_media":1073,"template":"","meta":[],"product_brand":[],"product_cat":[43,22],"product_tag":[],"class_list":{"0":"post-1075","1":"product","2":"type-product","3":"status-publish","4":"has-post-thumbnail","6":"product_cat-bague-en-nacre","7":"product_cat-nacre","9":"first","10":"instock","11":"shipping-taxable","12":"purchasable","13":"product-type-simple"},"jetpack_sharing_enabled":true,"_links":{"self":[{"href":"https:\/\/nacrattitude.com\/index.php\/wp-json\/wp\/v2\/product\/1075","targetHints":{"allow":["GET"]}}],"collection":[{"href":"https:\/\/nacrattitude.com\/index.php\/wp-json\/wp\/v2\/product"}],"about":[{"href":"https:\/\/nacrattitude.com\/index.php\/wp-json\/wp\/v2\/types\/product"}],"wp:featuredmedia":[{"embeddable":true,"href":"https:\/\/nacrattitude.com\/index.php\/wp-json\/wp\/v2\/media\/1073"}],"wp:attachment":[{"href":"https:\/\/nacrattitude.com\/index.php\/wp-json\/wp\/v2\/media?parent=1075"}],"wp:term":[{"taxonomy":"product_brand","embeddable":true,"href":"https:\/\/nacrattitude.com\/index.php\/wp-json\/wp\/v2\/product_brand?post=1075"},{"taxonomy":"product_cat","embeddable":true,"href":"https:\/\/nacrattitude.com\/index.php\/wp-json\/wp\/v2\/product_cat?post=1075"},{"taxonomy":"product_tag","embeddable":true,"href":"https:\/\/nacrattitude.com\/index.php\/wp-json\/wp\/v2\/product_tag?post=1075"}],"curies":[{"name":"wp","href":"https:\/\/api.w.org\/{rel}","templated":true}]}}