{"id":427,"date":"2022-08-31T14:39:15","date_gmt":"2022-08-31T12:39:15","guid":{"rendered":"https:\/\/nacrattitude.com\/?page_id=427"},"modified":"2025-07-08T13:34:49","modified_gmt":"2025-07-08T11:34:49","slug":"conseils-dentretien","status":"publish","type":"page","link":"https:\/\/nacrattitude.com\/index.php\/conseils-dentretien\/","title":{"rendered":"Conseils d&rsquo;entretien"},"content":{"rendered":"<p><div class=\"fusion-fullwidth fullwidth-box fusion-builder-row-1 fusion-flex-container has-pattern-background has-mask-background nonhundred-percent-fullwidth non-hundred-percent-height-scrolling\" style=\"--awb-border-radius-top-left:0px;--awb-border-radius-top-right:0px;--awb-border-radius-bottom-right:0px;--awb-border-radius-bottom-left:0px;\" ><div class=\"fusion-builder-row fusion-row fusion-flex-align-items-flex-start\" style=\"max-width:1248px;margin-left: calc(-4% \/ 2 );margin-right: calc(-4% \/ 2 );\"><div class=\"fusion-layout-column fusion_builder_column fusion-builder-column-0 fusion_builder_column_1_1 1_1 fusion-flex-column\" style=\"--awb-bg-size:cover;--awb-width-large:100%;--awb-margin-top-large:0px;--awb-spacing-right-large:1.92%;--awb-margin-bottom-large:0px;--awb-spacing-left-large:1.92%;--awb-width-medium:100%;--awb-order-medium:0;--awb-spacing-right-medium:1.92%;--awb-spacing-left-medium:1.92%;--awb-width-small:100%;--awb-order-small:0;--awb-spacing-right-small:1.92%;--awb-spacing-left-small:1.92%;\"><div class=\"fusion-column-wrapper fusion-column-has-shadow fusion-flex-justify-content-flex-start fusion-content-layout-column\"><div class=\"fusion-text fusion-text-1\"><h2>Conseils d&rsquo;entretien<\/h2>\n<\/div><\/div><\/div><\/div><\/div><div class=\"fusion-fullwidth fullwidth-box fusion-builder-row-2 fusion-flex-container has-pattern-background has-mask-background nonhundred-percent-fullwidth non-hundred-percent-height-scrolling\" style=\"--awb-border-radius-top-left:0px;--awb-border-radius-top-right:0px;--awb-border-radius-bottom-right:0px;--awb-border-radius-bottom-left:0px;\" ><div class=\"fusion-builder-row fusion-row fusion-flex-align-items-flex-start\" style=\"max-width:1248px;margin-left: calc(-4% \/ 2 );margin-right: calc(-4% \/ 2 );\"><div class=\"fusion-layout-column fusion_builder_column fusion-builder-column-1 fusion_builder_column_1_2 1_2 fusion-flex-column fusion-flex-align-self-stretch\" style=\"--awb-padding-right:20px;--awb-padding-left:15px;--awb-bg-color:rgba(219,159,81,0.13);--awb-bg-size:cover;--awb-width-large:50%;--awb-margin-top-large:0px;--awb-spacing-right-large:0%;--awb-margin-bottom-large:17px;--awb-spacing-left-large:3.84%;--awb-width-medium:50%;--awb-order-medium:0;--awb-spacing-right-medium:0%;--awb-spacing-left-medium:3.84%;--awb-width-small:100%;--awb-order-small:0;--awb-spacing-right-small:1.92%;--awb-spacing-left-small:1.92%;\"><div class=\"fusion-column-wrapper fusion-column-has-shadow fusion-flex-justify-content-space-around fusion-content-layout-column\"><div class=\"fusion-text fusion-text-2\"><p>Les bijoux Nacr&rsquo;attitude sont compos\u00e9s de plusieurs pi\u00e8ces de diff\u00e9rentes mati\u00e8res, plus ou moins sensibles.<\/p>\n<p>Pour pr\u00e9server leur \u00e9clat et profiter de votre bijou le plus longuement possible, nous vous conseillons :<\/p>\n<p>\ud83c\udf3c Ne pas le porter sous l\u2019eau, ne pas le mettre au contact de produits<\/p>\n<p><span style=\"color: var(--body_typography-color); font-family: var(--body_typography-font-family); font-size: var(--body_typography-font-size); font-style: var(--body_typography-font-style,normal); letter-spacing: var(--body_typography-letter-spacing);\">\ud83c\udf3cNe pas dormir ou faire du sport avec pour \u00e9viter de le casser lors d&rsquo;un mouvement brusque<\/span><\/p>\n<p>\ud83c\udf3c Portez votre bijou apr\u00e8s votre mise en beaut\u00e9, \u00e9vitez le contact avec le parfum et\/ou les cr\u00e8mes<\/p>\n<p>\ud83c\udf3c Rangez vos bijoux soigneusement, dans un pochon ou dans un endroit sec. Ne pas le m\u00e9langer avec un autre bijou oxyd\u00e9<\/p>\n<p>\ud83c\udf3c Pour lui redonner de l\u2019\u00e9clat, frottez-le avec chiffon doux type coton<\/p>\n<p><span style=\"color: var(--body_typography-color); font-family: var(--body_typography-font-family); font-size: var(--body_typography-font-size); font-style: var(--body_typography-font-style,normal); letter-spacing: var(--body_typography-letter-spacing);\">Notre travail est principalement fabriqu\u00e9 avec de la Nacre, des Perles de culture d&rsquo;eau douce et des min\u00e9raux.<\/span><\/p>\n<p><span style=\"color: var(--body_typography-color); font-family: var(--body_typography-font-family); font-size: var(--body_typography-font-size); font-style: var(--body_typography-font-style,normal); letter-spacing: var(--body_typography-letter-spacing);\">Ces mati\u00e8res sont soumises \u00e0 un ternissement naturel lors de contact avec du plomb, des m\u00e9taux oxyd\u00e9s, l&rsquo;huile. <\/span><\/p>\n<p>La plupart de nos chaines sont en acier inoxydables (or ou argent\u00e9), cependant il est pr\u00e9f\u00e9rable de pas les mettre au contact de produits chimiques.<\/p>\n<\/div><\/div><\/div><div class=\"fusion-layout-column fusion_builder_column fusion-builder-column-2 fusion_builder_column_1_2 1_2 fusion-flex-column\" style=\"--awb-bg-size:cover;--awb-width-large:50%;--awb-margin-top-large:0px;--awb-spacing-right-large:3.84%;--awb-margin-bottom-large:20px;--awb-spacing-left-large:3.84%;--awb-width-medium:50%;--awb-order-medium:0;--awb-spacing-right-medium:3.84%;--awb-spacing-left-medium:3.84%;--awb-width-small:100%;--awb-order-small:0;--awb-spacing-right-small:1.92%;--awb-spacing-left-small:1.92%;\"><div class=\"fusion-column-wrapper fusion-column-has-shadow fusion-flex-justify-content-flex-start fusion-content-layout-column\"><div class=\"fusion-image-element \" style=\"--awb-caption-title-font-family:var(--h2_typography-font-family);--awb-caption-title-font-weight:var(--h2_typography-font-weight);--awb-caption-title-font-style:var(--h2_typography-font-style);--awb-caption-title-size:var(--h2_typography-font-size);--awb-caption-title-transform:var(--h2_typography-text-transform);--awb-caption-title-line-height:var(--h2_typography-line-height);--awb-caption-title-letter-spacing:var(--h2_typography-letter-spacing);\"><span class=\" fusion-imageframe imageframe-none imageframe-1 hover-type-none\" class=\"image-magnify\" class=\"image-scroll\"><img decoding=\"async\" width=\"1308\" height=\"1844\" title=\"Capture d\u2019\u00e9cran 2022-08-31 \u00e0 13.55.58\" src=\"http:\/\/nacrattitude.com\/wp-content\/uploads\/2022\/08\/Capture-decran-2022-08-31-a-13.55.58.png\" alt class=\"img-responsive wp-image-428\" srcset=\"https:\/\/nacrattitude.com\/wp-content\/uploads\/2022\/08\/Capture-decran-2022-08-31-a-13.55.58-200x282.png 200w, https:\/\/nacrattitude.com\/wp-content\/uploads\/2022\/08\/Capture-decran-2022-08-31-a-13.55.58-400x564.png 400w, https:\/\/nacrattitude.com\/wp-content\/uploads\/2022\/08\/Capture-decran-2022-08-31-a-13.55.58-600x846.png 600w, https:\/\/nacrattitude.com\/wp-content\/uploads\/2022\/08\/Capture-decran-2022-08-31-a-13.55.58-800x1128.png 800w, https:\/\/nacrattitude.com\/wp-content\/uploads\/2022\/08\/Capture-decran-2022-08-31-a-13.55.58-1200x1692.png 1200w, https:\/\/nacrattitude.com\/wp-content\/uploads\/2022\/08\/Capture-decran-2022-08-31-a-13.55.58.png 1308w\" sizes=\"(max-width: 640px) 100vw, 600px\" \/><\/span><\/div><\/div><\/div><\/div><\/div><div class=\"fusion-fullwidth fullwidth-box fusion-builder-row-3 fusion-flex-container has-pattern-background has-mask-background nonhundred-percent-fullwidth non-hundred-percent-height-scrolling\" style=\"--awb-border-radius-top-left:0px;--awb-border-radius-top-right:0px;--awb-border-radius-bottom-right:0px;--awb-border-radius-bottom-left:0px;\" ><div class=\"fusion-builder-row fusion-row fusion-flex-align-items-flex-start\" style=\"max-width:1248px;margin-left: calc(-4% \/ 2 );margin-right: calc(-4% \/ 2 );\"><div class=\"fusion-layout-column fusion_builder_column fusion-builder-column-3 fusion_builder_column_1_2 1_2 fusion-flex-column fusion-flex-align-self-stretch\" style=\"--awb-padding-right:16px;--awb-padding-left:17px;--awb-bg-color:rgba(219,159,81,0.13);--awb-bg-size:cover;--awb-width-large:50%;--awb-margin-top-large:0px;--awb-spacing-right-large:0%;--awb-margin-bottom-large:20px;--awb-spacing-left-large:3.84%;--awb-width-medium:50%;--awb-order-medium:0;--awb-spacing-right-medium:0%;--awb-spacing-left-medium:3.84%;--awb-width-small:100%;--awb-order-small:0;--awb-spacing-right-small:1.92%;--awb-spacing-left-small:1.92%;\"><div class=\"fusion-column-wrapper fusion-column-has-shadow fusion-flex-justify-content-space-evenly fusion-content-layout-column\"><div class=\"fusion-text fusion-text-3\"><h5>PRODUCTION \ud83c\udf37<\/h5>\n<p><span style=\"color: var(--body_typography-color); font-family: var(--body_typography-font-family); font-size: var(--body_typography-font-size); font-style: var(--body_typography-font-style,normal); letter-spacing: var(--body_typography-letter-spacing);\">Les articles peuvent diff\u00e9rer l\u00e9g\u00e8rement des informations r\u00e9pertori\u00e9es, car chaque pi\u00e8ce est r\u00e9alis\u00e9 \u00e0 la main par nos soins. <\/span><\/p>\n<p><span style=\"color: var(--body_typography-color); font-family: var(--body_typography-font-family); font-size: var(--body_typography-font-size); font-style: var(--body_typography-font-style,normal); letter-spacing: var(--body_typography-letter-spacing);\">Il peut y avoir de l\u00e9g\u00e8res variations de taille et \/ ou de couleur, ils ne sont pas consid\u00e9r\u00e9s comme des d\u00e9fauts et sont la marque de fabrique de produits artisanaux.<\/span><\/p>\n<p>Nous nous r\u00e9servons le droit d&rsquo;apporter des modifications mineures \u00e0 la conception, de modifier les dimensions et de modifier les mat\u00e9riaux si n\u00e9cessaire sans pr\u00e9avis.<\/p>\n<p><span style=\"color: var(--body_typography-color); font-family: var(--body_typography-font-family); font-size: var(--body_typography-font-size); font-style: var(--body_typography-font-style,normal); letter-spacing: var(--body_typography-letter-spacing);\">Merci de votre soutien \u00e0 notre petite entreprise.<\/span><\/p>\n<\/div><\/div><\/div><div class=\"fusion-layout-column fusion_builder_column fusion-builder-column-4 fusion_builder_column_1_2 1_2 fusion-flex-column\" style=\"--awb-bg-size:cover;--awb-width-large:50%;--awb-margin-top-large:0px;--awb-spacing-right-large:3.84%;--awb-margin-bottom-large:20px;--awb-spacing-left-large:3.84%;--awb-width-medium:50%;--awb-order-medium:0;--awb-spacing-right-medium:3.84%;--awb-spacing-left-medium:3.84%;--awb-width-small:100%;--awb-order-small:0;--awb-spacing-right-small:1.92%;--awb-spacing-left-small:1.92%;\"><div class=\"fusion-column-wrapper fusion-column-has-shadow fusion-flex-justify-content-flex-start fusion-content-layout-column\"><div class=\"fusion-image-element \" style=\"--awb-caption-title-font-family:var(--h2_typography-font-family);--awb-caption-title-font-weight:var(--h2_typography-font-weight);--awb-caption-title-font-style:var(--h2_typography-font-style);--awb-caption-title-size:var(--h2_typography-font-size);--awb-caption-title-transform:var(--h2_typography-text-transform);--awb-caption-title-line-height:var(--h2_typography-line-height);--awb-caption-title-letter-spacing:var(--h2_typography-letter-spacing);\"><span class=\" fusion-imageframe imageframe-none imageframe-2 hover-type-none\" class=\"image-magnify\" class=\"image-scroll\"><img decoding=\"async\" width=\"1308\" height=\"1826\" title=\"Capture d\u2019\u00e9cran 2022-08-31 \u00e0 14.21.56\" src=\"http:\/\/nacrattitude.com\/wp-content\/uploads\/2022\/08\/Capture-decran-2022-08-31-a-14.21.56.png\" alt class=\"img-responsive wp-image-433\" srcset=\"https:\/\/nacrattitude.com\/wp-content\/uploads\/2022\/08\/Capture-decran-2022-08-31-a-14.21.56-200x279.png 200w, https:\/\/nacrattitude.com\/wp-content\/uploads\/2022\/08\/Capture-decran-2022-08-31-a-14.21.56-400x558.png 400w, https:\/\/nacrattitude.com\/wp-content\/uploads\/2022\/08\/Capture-decran-2022-08-31-a-14.21.56-600x838.png 600w, https:\/\/nacrattitude.com\/wp-content\/uploads\/2022\/08\/Capture-decran-2022-08-31-a-14.21.56-800x1117.png 800w, https:\/\/nacrattitude.com\/wp-content\/uploads\/2022\/08\/Capture-decran-2022-08-31-a-14.21.56-1200x1675.png 1200w, https:\/\/nacrattitude.com\/wp-content\/uploads\/2022\/08\/Capture-decran-2022-08-31-a-14.21.56.png 1308w\" sizes=\"(max-width: 640px) 100vw, 600px\" \/><\/span><\/div><\/div><\/div><\/div><\/div><div class=\"fusion-fullwidth fullwidth-box fusion-builder-row-4 fusion-flex-container has-pattern-background has-mask-background nonhundred-percent-fullwidth non-hundred-percent-height-scrolling\" style=\"--awb-border-radius-top-left:0px;--awb-border-radius-top-right:0px;--awb-border-radius-bottom-right:0px;--awb-border-radius-bottom-left:0px;\" ><div class=\"fusion-builder-row fusion-row fusion-flex-align-items-flex-start\" style=\"max-width:1248px;margin-left: calc(-4% \/ 2 );margin-right: calc(-4% \/ 2 );\"><div class=\"fusion-layout-column fusion_builder_column fusion-builder-column-5 fusion_builder_column_1_2 1_2 fusion-flex-column fusion-flex-align-self-stretch\" style=\"--awb-padding-right:19px;--awb-padding-left:12px;--awb-bg-color:rgba(219,159,81,0.13);--awb-bg-size:cover;--awb-width-large:50%;--awb-margin-top-large:0px;--awb-spacing-right-large:0%;--awb-margin-bottom-large:20px;--awb-spacing-left-large:3.84%;--awb-width-medium:50%;--awb-order-medium:0;--awb-spacing-right-medium:0%;--awb-spacing-left-medium:3.84%;--awb-width-small:100%;--awb-order-small:0;--awb-spacing-right-small:1.92%;--awb-spacing-left-small:1.92%;\"><div class=\"fusion-column-wrapper fusion-column-has-shadow fusion-flex-justify-content-space-evenly fusion-content-layout-column\"><div class=\"fusion-text fusion-text-4\"><h5>POUR UNE R\u00c9PARATION DE BIJOU ENDOMMAG\u00c9 \ud83d\udc1a<\/h5>\n<p>Nous prenons en charge les d\u00e9fauts de fabrication ou de mati\u00e8re premi\u00e8re, mais nous ne prenons pas en charge les usures naturelles du temps comme de l\u00e9g\u00e8res rayures par exemple. <span style=\"color: var(--body_typography-color); font-family: var(--body_typography-font-family); font-size: var(--body_typography-font-size); font-style: var(--body_typography-font-style,normal); letter-spacing: var(--body_typography-letter-spacing);\">Ces usures ne doivent pas \u00eatre consid\u00e9r\u00e9s comme des imperfections.<\/span><\/p>\n<p><span style=\"color: var(--body_typography-color); font-family: var(--body_typography-font-family); font-size: var(--body_typography-font-size); font-style: var(--body_typography-font-style,normal); letter-spacing: var(--body_typography-letter-spacing);\">Les asp\u00e9rit\u00e9s des perles de culture d&rsquo;eau douce, de la Nacre, et des min\u00e9raux ne sont pas pris en compte.<\/span><\/p>\n<p>Si votre bijou s\u2019est endommag\u00e9, vous pouvez nous contacter s\u2019il correspond \u00e0 la liste suivante :<\/p>\n<p><img decoding=\"async\" class=\"emoji\" role=\"img\" draggable=\"false\" src=\"https:\/\/s.w.org\/images\/core\/emoji\/14.0.0\/svg\/1f41a.svg\" alt=\"\ud83d\udc1a\" \/> Les cha\u00eenes qui s\u2019oxydent de mani\u00e8re anormale (qui tirent dans le ros\u00e9 voire le noir en moins d\u2019un mois, une cha\u00eene qui ternit dans le temps)<\/p>\n<p><img decoding=\"async\" class=\"emoji\" role=\"img\" draggable=\"false\" src=\"https:\/\/s.w.org\/images\/core\/emoji\/14.0.0\/svg\/1f41a.svg\" alt=\"\ud83d\udc1a\" \/> La casse d\u2019un maillon, d\u2019un anneau ou du fil de nylon qui se rompt<\/p>\n<p>Merci de nous contacter via le formulaire en ligne, en utilisant l&rsquo;objet \u00ab\u00a0R\u00e9paration\u00a0\u00bb, et en d\u00e9crivant au maximum le probl\u00e8me expos\u00e9.<\/p>\n<\/div><\/div><\/div><div class=\"fusion-layout-column fusion_builder_column fusion-builder-column-6 fusion_builder_column_1_2 1_2 fusion-flex-column\" style=\"--awb-bg-size:cover;--awb-width-large:50%;--awb-margin-top-large:0px;--awb-spacing-right-large:3.84%;--awb-margin-bottom-large:20px;--awb-spacing-left-large:3.84%;--awb-width-medium:50%;--awb-order-medium:0;--awb-spacing-right-medium:3.84%;--awb-spacing-left-medium:3.84%;--awb-width-small:100%;--awb-order-small:0;--awb-spacing-right-small:1.92%;--awb-spacing-left-small:1.92%;\"><div class=\"fusion-column-wrapper fusion-column-has-shadow fusion-flex-justify-content-flex-start fusion-content-layout-column\"><div class=\"fusion-image-element \" style=\"--awb-caption-title-font-family:var(--h2_typography-font-family);--awb-caption-title-font-weight:var(--h2_typography-font-weight);--awb-caption-title-font-style:var(--h2_typography-font-style);--awb-caption-title-size:var(--h2_typography-font-size);--awb-caption-title-transform:var(--h2_typography-text-transform);--awb-caption-title-line-height:var(--h2_typography-line-height);--awb-caption-title-letter-spacing:var(--h2_typography-letter-spacing);\"><span class=\" fusion-imageframe imageframe-none imageframe-3 hover-type-none\" class=\"image-magnify\" class=\"image-scroll\"><img decoding=\"async\" width=\"1304\" height=\"1832\" title=\"Capture d\u2019\u00e9cran 2022-08-31 \u00e0 14.35.42\" src=\"http:\/\/nacrattitude.com\/wp-content\/uploads\/2022\/08\/Capture-decran-2022-08-31-a-14.35.42.png\" alt class=\"img-responsive wp-image-435\" srcset=\"https:\/\/nacrattitude.com\/wp-content\/uploads\/2022\/08\/Capture-decran-2022-08-31-a-14.35.42-200x281.png 200w, https:\/\/nacrattitude.com\/wp-content\/uploads\/2022\/08\/Capture-decran-2022-08-31-a-14.35.42-400x562.png 400w, https:\/\/nacrattitude.com\/wp-content\/uploads\/2022\/08\/Capture-decran-2022-08-31-a-14.35.42-600x843.png 600w, https:\/\/nacrattitude.com\/wp-content\/uploads\/2022\/08\/Capture-decran-2022-08-31-a-14.35.42-800x1124.png 800w, https:\/\/nacrattitude.com\/wp-content\/uploads\/2022\/08\/Capture-decran-2022-08-31-a-14.35.42-1200x1686.png 1200w, https:\/\/nacrattitude.com\/wp-content\/uploads\/2022\/08\/Capture-decran-2022-08-31-a-14.35.42.png 1304w\" sizes=\"(max-width: 640px) 100vw, 600px\" \/><\/span><\/div><\/div><\/div><\/div><\/div><\/p>\n","protected":false},"excerpt":{"rendered":"","protected":false},"author":1,"featured_media":0,"parent":0,"menu_order":0,"comment_status":"closed","ping_status":"closed","template":"","meta":{"footnotes":""},"class_list":["post-427","page","type-page","status-publish","hentry"],"jetpack_sharing_enabled":true,"_links":{"self":[{"href":"https:\/\/nacrattitude.com\/index.php\/wp-json\/wp\/v2\/pages\/427","targetHints":{"allow":["GET"]}}],"collection":[{"href":"https:\/\/nacrattitude.com\/index.php\/wp-json\/wp\/v2\/pages"}],"about":[{"href":"https:\/\/nacrattitude.com\/index.php\/wp-json\/wp\/v2\/types\/page"}],"author":[{"embeddable":true,"href":"https:\/\/nacrattitude.com\/index.php\/wp-json\/wp\/v2\/users\/1"}],"replies":[{"embeddable":true,"href":"https:\/\/nacrattitude.com\/index.php\/wp-json\/wp\/v2\/comments?post=427"}],"version-history":[{"count":6,"href":"https:\/\/nacrattitude.com\/index.php\/wp-json\/wp\/v2\/pages\/427\/revisions"}],"predecessor-version":[{"id":1931,"href":"https:\/\/nacrattitude.com\/index.php\/wp-json\/wp\/v2\/pages\/427\/revisions\/1931"}],"wp:attachment":[{"href":"https:\/\/nacrattitude.com\/index.php\/wp-json\/wp\/v2\/media?parent=427"}],"curies":[{"name":"wp","href":"https:\/\/api.w.org\/{rel}","templated":true}]}}