{"id":424,"date":"2022-08-31T13:42:37","date_gmt":"2022-08-31T11:42:37","guid":{"rendered":"https:\/\/nacrattitude.com\/?page_id=424"},"modified":"2025-07-08T13:29:36","modified_gmt":"2025-07-08T11:29:36","slug":"mentions-legales","status":"publish","type":"page","link":"https:\/\/nacrattitude.com\/index.php\/mentions-legales\/","title":{"rendered":"Mentions l\u00e9gales"},"content":{"rendered":"<div class=\"fusion-fullwidth fullwidth-box fusion-builder-row-1 fusion-flex-container nonhundred-percent-fullwidth non-hundred-percent-height-scrolling\" style=\"--awb-border-radius-top-left:0px;--awb-border-radius-top-right:0px;--awb-border-radius-bottom-right:0px;--awb-border-radius-bottom-left:0px;\" ><div class=\"fusion-builder-row fusion-row fusion-flex-align-items-flex-start\" style=\"max-width:1248px;margin-left: calc(-4% \/ 2 );margin-right: calc(-4% \/ 2 );\"><div class=\"fusion-layout-column fusion_builder_column fusion-builder-column-0 fusion_builder_column_1_1 1_1 fusion-flex-column\" style=\"--awb-bg-size:cover;--awb-width-large:100%;--awb-margin-top-large:0px;--awb-spacing-right-large:1.92%;--awb-margin-bottom-large:0px;--awb-spacing-left-large:1.92%;--awb-width-medium:100%;--awb-spacing-right-medium:1.92%;--awb-spacing-left-medium:1.92%;--awb-width-small:100%;--awb-spacing-right-small:1.92%;--awb-spacing-left-small:1.92%;\"><div class=\"fusion-column-wrapper fusion-flex-justify-content-flex-start fusion-content-layout-column\"><div class=\"fusion-text fusion-text-1\"><section class=\"elementor-section elementor-top-section elementor-element elementor-element-4217e81 elementor-section-full_width elementor-section-stretched elementor-section-height-default elementor-section-height-default nitro-elementor-stretch\" data-id=\"4217e81\" data-element_type=\"section\" data-settings=\"{\">\n<div class=\"elementor-container elementor-column-gap-default\">\n<div class=\"elementor-row\">\n<div class=\"elementor-column elementor-col-100 elementor-top-column elementor-element elementor-element-24ffa3a\" data-id=\"24ffa3a\" data-element_type=\"column\">\n<div class=\"elementor-column-wrap elementor-element-populated\">\n<div class=\"elementor-widget-wrap\">\n<div class=\"elementor-element elementor-element-1a59fc9 elementor-widget elementor-widget-heading\" data-id=\"1a59fc9\" data-element_type=\"widget\" data-widget_type=\"heading.default\">\n<div class=\"elementor-widget-container\">\n<h1 class=\"elementor-heading-title elementor-size-default\">Mentions l\u00e9gales<\/h1>\n<\/div>\n<\/div>\n<div class=\"elementor-element elementor-element-9ee6b46 elementor-widget elementor-widget-spacer\" data-id=\"9ee6b46\" data-element_type=\"widget\" data-widget_type=\"spacer.default\">\n<div class=\"elementor-widget-container\">\n<div class=\"elementor-spacer\"><\/div>\n<\/div>\n<\/div>\n<\/div>\n<\/div>\n<\/div>\n<\/div>\n<\/div>\n<\/section>\n<section class=\"elementor-section elementor-top-section elementor-element elementor-element-c8734a5 elementor-section-full_width elementor-section-stretched elementor-section-height-default elementor-section-height-default nitro-elementor-stretch\" data-id=\"c8734a5\" data-element_type=\"section\" data-settings=\"{\">\n<div class=\"elementor-container elementor-column-gap-default\">\n<div class=\"elementor-row\">\n<div class=\"elementor-column elementor-col-100 elementor-top-column elementor-element elementor-element-8802149\" data-id=\"8802149\" data-element_type=\"column\">\n<div class=\"elementor-column-wrap elementor-element-populated\">\n<div class=\"elementor-widget-wrap\">\n<div class=\"elementor-widget-container\">\n<h3 class=\"elementor-heading-title elementor-size-default\">Editeur du site et d\u00e9veloppement<\/h3>\n<\/div>\n<div class=\"elementor-widget-container\">\n<p class=\"elementor-heading-title elementor-size-default\">Nacr&rsquo;attitude<\/p>\n<\/div>\n<div class=\"elementor-widget-container\">\n<p class=\"elementor-heading-title elementor-size-default\">Num\u00e9ro de SIRET : 751 957 648 00015<\/p>\n<\/div>\n<p class=\"elementor-heading-title elementor-size-default\">Responsable \u00e9ditorial : Anthony Leroy<\/p>\n<p class=\"elementor-heading-title elementor-size-default\">82 rue Pierre Wolf 60230 Chambly<\/p>\n<div class=\"elementor-widget-container\">\n<p class=\"elementor-heading-title elementor-size-default\">Email : nacrattitude@gmail.com<\/p>\n<\/div>\n<div class=\"elementor-element elementor-element-d49159e elementor-widget elementor-widget-heading\" data-id=\"d49159e\" data-element_type=\"widget\" data-widget_type=\"heading.default\">\n<div class=\"elementor-widget-container\">Site web : Nacr\u2019attitude.com<\/div>\n<\/div>\n<div class=\"elementor-element elementor-element-12a9275 elementor-widget elementor-widget-spacer\" data-id=\"12a9275\" data-element_type=\"widget\" data-widget_type=\"spacer.default\">\n<div class=\"elementor-widget-container\">\n<div class=\"elementor-spacer\">\n<div class=\"elementor-spacer-inner\"><\/div>\n<\/div>\n<\/div>\n<\/div>\n<\/div>\n<\/div>\n<\/div>\n<\/div>\n<\/div>\n<\/section>\n<section class=\"elementor-section elementor-top-section elementor-element elementor-element-0f6e088 elementor-section-full_width elementor-section-stretched elementor-section-height-default elementor-section-height-default nitro-elementor-stretch\" data-id=\"0f6e088\" data-element_type=\"section\" data-settings=\"{\">\n<div class=\"elementor-container elementor-column-gap-default\">\n<div class=\"elementor-row\">\n<div class=\"elementor-column elementor-col-100 elementor-top-column elementor-element elementor-element-6ea4d6d\" data-id=\"6ea4d6d\" data-element_type=\"column\">\n<div class=\"elementor-column-wrap elementor-element-populated\">\n<div class=\"elementor-widget-wrap\">\n<div class=\"elementor-element elementor-element-0fc7c2b elementor-widget elementor-widget-heading\" data-id=\"0fc7c2b\" data-element_type=\"widget\" data-widget_type=\"heading.default\">\n<div class=\"elementor-widget-container\">\n<h3 class=\"elementor-heading-title elementor-size-default\">H\u00e9bergement<\/h3>\n<\/div>\n<\/div>\n<div class=\"elementor-element elementor-element-2e78276 elementor-widget elementor-widget-heading\" data-id=\"2e78276\" data-element_type=\"widget\" data-widget_type=\"heading.default\">\n<div class=\"elementor-widget-container\">\n<p class=\"elementor-heading-title elementor-size-default\">H\u00e9bergeur : OVH<\/p>\n<\/div>\n<\/div>\n<div class=\"elementor-widget-container\">\n<p class=\"elementor-heading-title elementor-size-default\">2 rue Kellermann \u2013 BP 80157 59053 ROUBAIX CEDEX 1<\/p>\n<\/div>\n<div class=\"elementor-element elementor-element-c3aed7e elementor-widget elementor-widget-heading\" data-id=\"c3aed7e\" data-element_type=\"widget\" data-widget_type=\"heading.default\">\n<div class=\"elementor-widget-container\">\n<p class=\"elementor-heading-title elementor-size-default\">Site web : www.ovh.com<\/p>\n<\/div>\n<\/div>\n<div class=\"elementor-element elementor-element-1ce334b elementor-widget elementor-widget-spacer\" data-id=\"1ce334b\" data-element_type=\"widget\" data-widget_type=\"spacer.default\">\n<div class=\"elementor-widget-container\">\n<div class=\"elementor-spacer\">\n<div class=\"elementor-spacer-inner\"><\/div>\n<\/div>\n<\/div>\n<\/div>\n<\/div>\n<\/div>\n<\/div>\n<\/div>\n<\/div>\n<\/section>\n<section class=\"elementor-section elementor-top-section elementor-element elementor-element-5aad4c4 elementor-section-full_width elementor-section-stretched elementor-section-height-default elementor-section-height-default nitro-elementor-stretch\" data-id=\"5aad4c4\" data-element_type=\"section\" data-settings=\"{\">\n<div class=\"elementor-container elementor-column-gap-default\">\n<div class=\"elementor-row\">\n<div class=\"elementor-column elementor-col-100 elementor-top-column elementor-element elementor-element-5e64c65\" data-id=\"5e64c65\" data-element_type=\"column\">\n<div class=\"elementor-column-wrap elementor-element-populated\">\n<div class=\"elementor-widget-wrap\">\n<div class=\"elementor-element elementor-element-273e9e6 elementor-widget elementor-widget-heading\" data-id=\"273e9e6\" data-element_type=\"widget\" data-widget_type=\"heading.default\">\n<div class=\"elementor-widget-container\">\n<h3 class=\"elementor-heading-title elementor-size-default\">Conditions d\u2019utilisation<\/h3>\n<\/div>\n<\/div>\n<div class=\"elementor-element elementor-element-a385c85 elementor-widget elementor-widget-heading nitro-offscreen\" data-id=\"a385c85\" data-element_type=\"widget\" data-widget_type=\"heading.default\">\n<div class=\"elementor-widget-container\">\n<p class=\"elementor-heading-title elementor-size-default\">Ce site (nacrattitude.com) est propos\u00e9 en diff\u00e9rents langages web (HTML, HTML5, Javascript, CSS, etc\u2026) pour un meilleur confort d\u2019utilisation et un graphisme plus agr\u00e9able, nous vous recommandons de recourir \u00e0 des navigateurs modernes comme Internet explorer, Safari, Firefox, Google Chrome, etc\u2026<\/p>\n<\/div>\n<\/div>\n<div class=\"elementor-element elementor-element-0d9f888 elementor-widget elementor-widget-spacer\" data-id=\"0d9f888\" data-element_type=\"widget\" data-widget_type=\"spacer.default\">\n<div class=\"elementor-widget-container\">\n<div class=\"elementor-spacer\">\n<div class=\"elementor-spacer-inner\"><\/div>\n<\/div>\n<\/div>\n<\/div>\n<\/div>\n<\/div>\n<\/div>\n<\/div>\n<\/div>\n<\/section>\n<section class=\"elementor-section elementor-top-section elementor-element elementor-element-36e7231 elementor-section-full_width elementor-section-stretched elementor-section-height-default nitro-elementor-stretch nitro-offscreen\" data-id=\"36e7231\" data-element_type=\"section\" data-settings=\"{\">\n<div class=\"elementor-container elementor-column-gap-default\">\n<div class=\"elementor-row\">\n<div class=\"elementor-column elementor-col-100 elementor-top-column elementor-element elementor-element-dcccd77\" data-id=\"dcccd77\" data-element_type=\"column\">\n<div class=\"elementor-column-wrap elementor-element-populated\">\n<div class=\"elementor-widget-wrap\">\n<div class=\"elementor-element elementor-element-716cc6a elementor-widget elementor-widget-heading\" data-id=\"716cc6a\" data-element_type=\"widget\" data-widget_type=\"heading.default\">\n<div class=\"elementor-widget-container\">\n<h3 class=\"elementor-heading-title elementor-size-default\">Liens hypertextes<\/h3>\n<\/div>\n<\/div>\n<div class=\"elementor-element elementor-element-5307e81 elementor-widget elementor-widget-heading\" data-id=\"5307e81\" data-element_type=\"widget\" data-widget_type=\"heading.default\">\n<div class=\"elementor-widget-container\">\n<p class=\"elementor-heading-title elementor-size-default\">Les sites internet de peuvent offrir des liens vers d\u2019autres sites internet ou d\u2019autres ressources disponibles sur Internet. Nacr&rsquo;attitude ne dispose d\u2019aucun moyen pour contr\u00f4ler les sites en connexion avec ses sites internet. L&rsquo;entreprise ne r\u00e9pond pas de la disponibilit\u00e9 de tels sites et sources externes, ni ne la garantit. Elle ne peut \u00eatre tenue pour responsable de tout dommage, de quelque nature que ce soit, r\u00e9sultant du contenu de ces sites ou sources externes, et notamment des informations, produits ou services qu\u2019ils proposent, ou de tout usage qui peut \u00eatre fait de ces \u00e9l\u00e9ments. Les risques li\u00e9s \u00e0 cette utilisation incombent pleinement \u00e0 l\u2019internaute, qui doit se conformer \u00e0 leurs conditions d\u2019utilisation.<\/p>\n<\/div>\n<\/div>\n<div class=\"elementor-widget-container\"><\/div>\n<div class=\"elementor-widget-container\">\n<p class=\"elementor-heading-title elementor-size-default\">Dans l\u2019hypoth\u00e8se o\u00f9 un utilisateur ou visiteur souhaiterait mettre en place un hyperlien en direction d\u2019un des sites internet de Nacr&rsquo;attitude, il lui appartiendra d\u2019adresser un email accessible sur le site afin de formuler sa demande de mise en place d\u2019un hyperlien. Nacr&rsquo;attitude se r\u00e9serve le droit d\u2019accepter ou de refuser un hyperlien sans avoir \u00e0 en justifier sa d\u00e9cision.<wbr \/><wbr \/><\/p>\n<\/div>\n<div class=\"elementor-element elementor-element-79b1bdf elementor-widget elementor-widget-spacer\" data-id=\"79b1bdf\" data-element_type=\"widget\" data-widget_type=\"spacer.default\">\n<div class=\"elementor-widget-container\">\n<div class=\"elementor-spacer\">\n<div class=\"elementor-spacer-inner\">\n<div class=\"elementor-element elementor-element-39bceb8 elementor-widget elementor-widget-heading\" data-id=\"39bceb8\" data-element_type=\"widget\" data-widget_type=\"heading.default\">\n<h3 class=\"elementor-widget-container\">Cookies<\/h3>\n<\/div>\n<div class=\"elementor-element elementor-element-135989d elementor-widget elementor-widget-heading\" data-id=\"135989d\" data-element_type=\"widget\" data-widget_type=\"heading.default\">\n<div class=\"elementor-widget-container\">\n<p class=\"elementor-heading-title elementor-size-default\">Le site\u00a0nacrattitude.com peut-\u00eatre amen\u00e9 \u00e0 vous demander l\u2019acceptation des cookies pour des besoins de statistiques et d\u2019affichage. Un cookies est une information d\u00e9pos\u00e9e sur votre disque dur par le serveur du site que vous visitez. Il contient plusieurs donn\u00e9es qui sont stock\u00e9es sur votre ordinateur dans un simple fichier texte auquel un serveur acc\u00e8de pour lire et enregistrer des informations. Certaines parties de ce site ne peuvent \u00eatre fonctionnelles sans l\u2019acceptation de cookies.<\/p>\n<\/div>\n<\/div>\n<div class=\"elementor-element elementor-element-967d1f3 elementor-widget elementor-widget-spacer\" data-id=\"967d1f3\" data-element_type=\"widget\" data-widget_type=\"spacer.default\">\n<div class=\"elementor-widget-container\">\n<div class=\"elementor-spacer\">\n<div class=\"elementor-spacer-inner\"><\/div>\n<\/div>\n<\/div>\n<\/div>\n<\/div>\n<\/div>\n<\/div>\n<\/div>\n<\/div>\n<\/div>\n<\/div>\n<\/div>\n<\/div>\n<\/section>\n<section class=\"elementor-section elementor-top-section elementor-element elementor-element-de71f61 elementor-section-full_width elementor-section-stretched elementor-section-height-default nitro-elementor-stretch nitro-offscreen\" data-id=\"de71f61\" data-element_type=\"section\" data-settings=\"{\">\n<div class=\"elementor-container elementor-column-gap-default\">\n<div class=\"elementor-row\">\n<div class=\"elementor-column elementor-col-100 elementor-top-column elementor-element elementor-element-57ae96a\" data-id=\"57ae96a\" data-element_type=\"column\">\n<div class=\"elementor-column-wrap elementor-element-populated\">\n<div class=\"elementor-widget-wrap\">\n<div class=\"elementor-element elementor-element-6e1eea7 elementor-widget elementor-widget-heading\" data-id=\"6e1eea7\" data-element_type=\"widget\" data-widget_type=\"heading.default\">\n<div class=\"elementor-widget-container\">\n<h3 class=\"elementor-heading-title elementor-size-default\">Limitation contractuelles sur les donn\u00e9es<\/h3>\n<\/div>\n<\/div>\n<div class=\"elementor-element elementor-element-9537cb0 elementor-widget elementor-widget-heading\" data-id=\"9537cb0\" data-element_type=\"widget\" data-widget_type=\"heading.default\">\n<div class=\"elementor-widget-container\">\n<p class=\"elementor-heading-title elementor-size-default\">Les informations contenues sur ce site sont aussi pr\u00e9cises que possible et le site est remis \u00e0 jour \u00e0 diff\u00e9rentes p\u00e9riodes de l\u2019ann\u00e9e, mais peut toutefois contenir des inexactitudes ou des omissions. Si vous constatez une lacune, erreur ou ce qui parait \u00eatre un dysfonctionnement, merci de bien vouloir le signaler par email, \u00e0 l\u2019adresse nacrattitude@gmail.com, en d\u00e9crivant le probl\u00e8me de la mani\u00e8re la plus pr\u00e9cise possible (page posant probl\u00e8me, type d\u2019ordinateur et de navigateur utilis\u00e9, \u2026).<\/p>\n<p class=\"elementor-heading-title elementor-size-default\">Tout contenu t\u00e9l\u00e9charg\u00e9 se fait aux risques et p\u00e9rils de l\u2019utilisateur et sous sa seule responsabilit\u00e9. En cons\u00e9quence, ne saurait \u00eatre tenu responsable d\u2019un quelconque dommage subi par l\u2019ordinateur de l\u2019utilisateur ou d\u2019une quelconque perte de donn\u00e9es cons\u00e9cutives au t\u00e9l\u00e9chargement. De plus, l\u2019utilisateur du site s\u2019engage \u00e0 acc\u00e9der au site en utilisant un mat\u00e9riel r\u00e9cent, ne contenant pas de virus et avec un navigateur de derni\u00e8re g\u00e9n\u00e9ration mis-\u00e0-jour.<\/p>\n<\/div>\n<\/div>\n<div class=\"elementor-element elementor-element-48902ee elementor-widget elementor-widget-spacer\" data-id=\"48902ee\" data-element_type=\"widget\" data-widget_type=\"spacer.default\">\n<div class=\"elementor-widget-container\">\n<div class=\"elementor-spacer\">\n<div class=\"elementor-spacer-inner\"><\/div>\n<\/div>\n<\/div>\n<\/div>\n<\/div>\n<\/div>\n<\/div>\n<\/div>\n<\/div>\n<\/section>\n<section class=\"elementor-section elementor-top-section elementor-element elementor-element-e7e54d0 elementor-section-full_width elementor-section-stretched elementor-section-height-default nitro-elementor-stretch nitro-offscreen\" data-id=\"e7e54d0\" data-element_type=\"section\" data-settings=\"{\">\n<div class=\"elementor-container elementor-column-gap-default\">\n<div class=\"elementor-row\">\n<div class=\"elementor-column elementor-col-100 elementor-top-column elementor-element elementor-element-b3100cc\" data-id=\"b3100cc\" data-element_type=\"column\">\n<div class=\"elementor-column-wrap elementor-element-populated\">\n<div class=\"elementor-widget-wrap\">\n<div class=\"elementor-element elementor-element-17948e2 elementor-widget elementor-widget-heading\" data-id=\"17948e2\" data-element_type=\"widget\" data-widget_type=\"heading.default\">\n<div class=\"elementor-widget-container\">\n<h3 class=\"elementor-heading-title elementor-size-default\">Propri\u00e9t\u00e9 intellectuelle<\/h3>\n<\/div>\n<\/div>\n<div class=\"elementor-element elementor-element-4ef1c1b elementor-widget elementor-widget-heading\" data-id=\"4ef1c1b\" data-element_type=\"widget\" data-widget_type=\"heading.default\">\n<div class=\"elementor-widget-container\">\n<p class=\"elementor-heading-title elementor-size-default\">Tout le contenu du pr\u00e9sent site\u00a0nacrattitude.com, incluant, de fa\u00e7on non limitative, les graphismes, images, textes, vid\u00e9os, animations, sons, logos, gifs et ic\u00f4nes ainsi que leur mise en forme sont la propri\u00e9t\u00e9 exclusive de l&rsquo;entreprise, \u00e0 l\u2019exception des marques, logos ou contenus appartenant \u00e0 d\u2019autres soci\u00e9t\u00e9s partenaires ou auteurs.<\/p>\n<p class=\"elementor-heading-title elementor-size-default\">Toute reproduction, distribution, modification, adaptation, retransmission ou publication, m\u00eame partielle, de ces diff\u00e9rents \u00e9l\u00e9ments est strictement interdite sans l\u2019accord expr\u00e8s par \u00e9crit de Nacr&rsquo;attitude. Cette repr\u00e9sentation ou reproduction, par quelque proc\u00e9d\u00e9 que ce soit, constitue une contrefa\u00e7on sanctionn\u00e9e par les articles L.335-2 et suivants du Code de la propri\u00e9t\u00e9 intellectuelle. Le non-respect de cette interdiction constitue une contrefa\u00e7on pouvant engager la responsabilit\u00e9 civile et p\u00e9nale du contrefacteur. En outre, les propri\u00e9taires des contenus copi\u00e9s pourraient intenter une action en justice \u00e0 votre encontre.<\/p>\n<\/div>\n<\/div>\n<div class=\"elementor-element elementor-element-624e89f elementor-widget elementor-widget-spacer\" data-id=\"624e89f\" data-element_type=\"widget\" data-widget_type=\"spacer.default\">\n<div class=\"elementor-widget-container\">\n<div class=\"elementor-spacer\">\n<div class=\"elementor-spacer-inner\"><\/div>\n<\/div>\n<\/div>\n<\/div>\n<\/div>\n<\/div>\n<\/div>\n<\/div>\n<\/div>\n<\/section>\n<section class=\"elementor-section elementor-top-section elementor-element elementor-element-89f4eec elementor-section-full_width elementor-section-stretched elementor-section-height-default nitro-elementor-stretch nitro-offscreen\" data-id=\"89f4eec\" data-element_type=\"section\" data-settings=\"{\">\n<div class=\"elementor-container elementor-column-gap-default\">\n<div class=\"elementor-row\">\n<div class=\"elementor-column elementor-col-100 elementor-top-column elementor-element elementor-element-f02a8d3\" data-id=\"f02a8d3\" data-element_type=\"column\">\n<div class=\"elementor-column-wrap elementor-element-populated\">\n<div class=\"elementor-widget-wrap\">\n<div class=\"elementor-element elementor-element-04df971 elementor-widget elementor-widget-heading\" data-id=\"04df971\" data-element_type=\"widget\" data-widget_type=\"heading.default\">\n<div class=\"elementor-widget-container\">\n<h3 class=\"elementor-heading-title elementor-size-default\">Donn\u00e9es personnelles<\/h3>\n<\/div>\n<\/div>\n<div class=\"elementor-element elementor-element-64cc2d5 elementor-widget elementor-widget-heading\" data-id=\"64cc2d5\" data-element_type=\"widget\" data-widget_type=\"heading.default\">\n<div class=\"elementor-widget-container\">\n<p class=\"elementor-heading-title elementor-size-default\">De mani\u00e8re g\u00e9n\u00e9rale, vous n\u2019\u00eates pas tenu de nous communiquer vos donn\u00e9es personnelles lorsque vous visitez notre site Internet\u00a0nacrattidue.com. Cependant, ce principe comporte certaines exceptions. En effet, pour certains services propos\u00e9s par notre site, vous pouvez \u00eatre amen\u00e9s \u00e0 nous communiquer certaines donn\u00e9es telles que : votre nom, le nom de votre soci\u00e9t\u00e9, votre adresse \u00e9lectronique, et votre num\u00e9ro de t\u00e9l\u00e9phone. Tel est le cas lorsque vous remplissez le formulaire qui vous est propos\u00e9 en ligne, dans la rubrique \u00ab contact \u00bb.<\/p>\n<p class=\"elementor-heading-title elementor-size-default\">Dans ce cas o\u00f9 vous refusiez, vous ne pourrez pas utiliser les services du site, notamment celui de solliciter des renseignements sur notre soci\u00e9t\u00e9, ou de recevoir les lettres d\u2019information. Enfin, nous pouvons collecter de mani\u00e8re automatique certaines informations vous concernant lors d\u2019une simple navigation sur notre site Internet, notamment : des informations concernant l\u2019utilisation de notre site, comme les zones que vous visitez et les services auxquels vous acc\u00e9dez, votre adresse IP, le type de votre navigateur, vos temps d\u2019acc\u00e8s. De telles informations sont utilis\u00e9es exclusivement \u00e0 des fins de statistiques internes, de mani\u00e8re \u00e0 am\u00e9liorer la qualit\u00e9 des services qui vous sont propos\u00e9s. Les bases de donn\u00e9es sont prot\u00e9g\u00e9es par les dispositions de la loi du 1er juillet 1998 transposant la directive 96\/9 du 11 mars 1996 relative \u00e0 la protection juridique des bases de donn\u00e9es.<\/p>\n<\/div>\n<\/div>\n<\/div>\n<\/div>\n<\/div>\n<\/div>\n<\/div>\n<\/section>\n<\/div><\/div><\/div><\/div><\/div>\n","protected":false},"excerpt":{"rendered":"","protected":false},"author":1,"featured_media":0,"parent":0,"menu_order":0,"comment_status":"closed","ping_status":"closed","template":"","meta":{"footnotes":""},"class_list":["post-424","page","type-page","status-publish","hentry"],"jetpack_sharing_enabled":true,"_links":{"self":[{"href":"https:\/\/nacrattitude.com\/index.php\/wp-json\/wp\/v2\/pages\/424","targetHints":{"allow":["GET"]}}],"collection":[{"href":"https:\/\/nacrattitude.com\/index.php\/wp-json\/wp\/v2\/pages"}],"about":[{"href":"https:\/\/nacrattitude.com\/index.php\/wp-json\/wp\/v2\/types\/page"}],"author":[{"embeddable":true,"href":"https:\/\/nacrattitude.com\/index.php\/wp-json\/wp\/v2\/users\/1"}],"replies":[{"embeddable":true,"href":"https:\/\/nacrattitude.com\/index.php\/wp-json\/wp\/v2\/comments?post=424"}],"version-history":[{"count":4,"href":"https:\/\/nacrattitude.com\/index.php\/wp-json\/wp\/v2\/pages\/424\/revisions"}],"predecessor-version":[{"id":1930,"href":"https:\/\/nacrattitude.com\/index.php\/wp-json\/wp\/v2\/pages\/424\/revisions\/1930"}],"wp:attachment":[{"href":"https:\/\/nacrattitude.com\/index.php\/wp-json\/wp\/v2\/media?parent=424"}],"curies":[{"name":"wp","href":"https:\/\/api.w.org\/{rel}","templated":true}]}}