{"id":1891,"date":"2024-08-29T15:24:41","date_gmt":"2024-08-29T13:24:41","guid":{"rendered":"https:\/\/nacrattitude.com\/?page_id=1891"},"modified":"2025-07-09T16:03:53","modified_gmt":"2025-07-09T14:03:53","slug":"nous-retrouver","status":"publish","type":"page","link":"https:\/\/nacrattitude.com\/index.php\/nous-retrouver\/","title":{"rendered":"NOUS RETROUVER"},"content":{"rendered":"<div class=\"fusion-fullwidth fullwidth-box fusion-builder-row-1 fusion-flex-container has-pattern-background has-mask-background nonhundred-percent-fullwidth non-hundred-percent-height-scrolling\" style=\"--awb-border-radius-top-left:0px;--awb-border-radius-top-right:0px;--awb-border-radius-bottom-right:0px;--awb-border-radius-bottom-left:0px;\" ><div class=\"fusion-builder-row fusion-row fusion-flex-align-items-flex-start\" style=\"max-width:1248px;margin-left: calc(-4% \/ 2 );margin-right: calc(-4% \/ 2 );\"><div class=\"fusion-layout-column fusion_builder_column fusion-builder-column-0 fusion_builder_column_1_2 1_2 fusion-flex-column\" style=\"--awb-bg-size:cover;--awb-width-large:50%;--awb-margin-top-large:0px;--awb-spacing-right-large:3.84%;--awb-margin-bottom-large:20px;--awb-spacing-left-large:3.84%;--awb-width-medium:50%;--awb-order-medium:0;--awb-spacing-right-medium:3.84%;--awb-spacing-left-medium:3.84%;--awb-width-small:100%;--awb-order-small:0;--awb-spacing-right-small:1.92%;--awb-spacing-left-small:1.92%;\"><div class=\"fusion-column-wrapper fusion-column-has-shadow fusion-flex-justify-content-flex-start fusion-content-layout-column\"><div class=\"fusion-text fusion-text-1\"><h3>NOS SALONS<\/h3>\n<h5><span style=\"color: #99ccff;\">Septembre<\/span><\/h5>\n<h6>Tiss\u00e9ade \u00e0 Amiens : M\u00e9gacit\u00e9 le 13 septembre 2025\u00a0 \u00a0 (Anthony)<\/h6>\n<h6>Tiss\u00e9ade au Havre : Carr\u00e9 des docks le 14 septembre 2025\u00a0 \u00a0 (Anthony)<\/h6>\n<h6>Tendances cr\u00e9atives \u00e0 La roche sur Foron : Rochexpo du 18 au 21 septembre 2025\u00a0 \u00a0 (Val\u00e9rie)<\/h6>\n<h6>Carrefour Europ\u00e9en du Patchwork \u00e0 Sainte Marie aux Mines : Val d&rsquo;Argent du 18 au 21 septembre 2025\u00a0 \u00a0 (Anthony)<\/h6>\n<h6>Cr\u00e9ativa \u00e0 Rouen : Parcs des expositions du 25 au 28 septembre 2025\u00a0 \u00a0 (Val\u00e9rie)<\/h6>\n<h6>Tiss\u00e9ade \u00e0 Dijon : Parc des expositions le 27 septembre 2025\u00a0 \u00a0 (Anthony)<\/h6>\n<h6>Tiss\u00e9ade \u00e0 Auxerre : Auxerrexpo le 28 septembre 2025\u00a0 \u00a0(Anthony)<\/h6>\n<h5><span style=\"color: #99ccff;\">Octobre<\/span><\/h5>\n<h6>Po\u00e9sie des savoirs-faire \u00e0 Pontoise : au D\u00f4me du 4 au 5 octobre 2025\u00a0 \u00a0 (Val\u00e9rie)<\/h6>\n<h6>Tiss\u00e9ade \u00e0 Troyes : Le Cube, le 4 octobre 2025\u00a0 \u00a0 (Anthony)<\/h6>\n<h6>Tiss\u00e9ade \u00e0 Chalon en champagne : Le Capitole le 5 octobre 2025\u00a0 \u00a0 (Anthony)<\/h6>\n<h6>Festival de la Broderie \u00e0 Compi\u00e8gne : au Centre de Rencontres de la Victoire du 10 au 12 octobre 2025\u00a0 \u00a0 (Val\u00e9rie)<\/h6>\n<h6>Univers Cr\u00e9atifs \u00e0 Chartres : Parc des expositions L&rsquo;Illiade du 17 au 19 octobre 2025\u00a0 \u00a0 (Val\u00e9rie)<\/h6>\n<h6>Tiss\u00e9ade au Mans : Parc des expositions le 18 octobre 2025\u00a0 \u00a0 (Anthony)<\/h6>\n<h6>Tiss\u00e9ade \u00e0 Laval : Espace Mayenne le 19 octobre 2025\u00a0 \u00a0 (Anthony)<\/h6>\n<h6>Mille et une id\u00e9es \u00e0 Besan\u00e7on : Micropolis du 24 au 26 octobre 2025\u00a0 \u00a0 (Val\u00e9rie)<\/h6>\n<h5><span style=\"color: #99ccff;\">Novembre<\/span><\/h5>\n<h6>Tiss\u00e9ade \u00e0 Bourges : Parc des expositions le 8 novembre 2025\u00a0 \u00a0 (Anthony)<\/h6>\n<h6>Tiss\u00e9ade \u00e0 Blois : Salle jeu de Paume le 9 novembre 2025\u00a0 \u00a0 (Anthony)<\/h6>\n<h6>Cr\u00e9ativa \u00e0 Nantes : Parc des expositions du 6 au 9 novembre 2025\u00a0 \u00a0 (Val\u00e9rie)<\/h6>\n<h6>Loisirs Cr\u00e9atifs \u00e0 Saint Di\u00e9 des Vosges : Espace Fran\u00e7ois Mitterrand du 14 au 16 novembre 2025\u00a0 \u00a0 (Val\u00e9rie)<\/h6>\n<h6>Salon Kerli Krea \u00e0 Ivry la Bataille : Salle des f\u00eates la Distillerie du 15 au 16 novembre 2025\u00a0 \u00a0 (Anthony)<\/h6>\n<h6>Cr\u00e9ation et Savoir-faire \u00e0 Paris : Porte de Versailles du 26 au 30 novembre 2025\u00a0 \u00a0 (Val\u00e9rie &amp; Anthony)<\/h6>\n<h5><span style=\"color: #99ccff;\">D\u00e9cembre<\/span><\/h5>\n<h6>Tiss\u00e9ade \u00e0 Niort : Parc des expositions le 6 d\u00e9cembre 2025\u00a0 \u00a0 (Anthony)<\/h6>\n<h6>Tiss\u00e9ade \u00e0 La Rochelle : Espace Encan le 7 d\u00e9cembre 2025\u00a0 \u00a0 (Anthony)<\/h6>\n<\/div><\/div><\/div><div class=\"fusion-layout-column fusion_builder_column fusion-builder-column-1 fusion_builder_column_1_2 1_2 fusion-flex-column\" style=\"--awb-bg-size:cover;--awb-width-large:50%;--awb-margin-top-large:0px;--awb-spacing-right-large:3.84%;--awb-margin-bottom-large:20px;--awb-spacing-left-large:3.84%;--awb-width-medium:50%;--awb-order-medium:0;--awb-spacing-right-medium:3.84%;--awb-spacing-left-medium:3.84%;--awb-width-small:100%;--awb-order-small:0;--awb-spacing-right-small:1.92%;--awb-spacing-left-small:1.92%;\"><div class=\"fusion-column-wrapper fusion-column-has-shadow fusion-flex-justify-content-flex-start fusion-content-layout-column\"><div class=\"fusion-image-element \" style=\"--awb-aspect-ratio: 100 \/ 166;--awb-caption-title-font-family:var(--h2_typography-font-family);--awb-caption-title-font-weight:var(--h2_typography-font-weight);--awb-caption-title-font-style:var(--h2_typography-font-style);--awb-caption-title-size:var(--h2_typography-font-size);--awb-caption-title-transform:var(--h2_typography-text-transform);--awb-caption-title-line-height:var(--h2_typography-line-height);--awb-caption-title-letter-spacing:var(--h2_typography-letter-spacing);\"><span class=\" fusion-imageframe imageframe-none imageframe-1 hover-type-none has-aspect-ratio\" class=\"image-magnify\" class=\"image-scroll\"><img decoding=\"async\" width=\"2048\" height=\"2560\" title=\"NACRATTITUDE (export 1)-18\" src=\"http:\/\/nacrattitude.com\/wp-content\/uploads\/2023\/11\/NACRATTITUDE-export-1-18-scaled.jpg\" class=\"img-responsive wp-image-1026 img-with-aspect-ratio\" alt srcset=\"https:\/\/nacrattitude.com\/wp-content\/uploads\/2023\/11\/NACRATTITUDE-export-1-18-200x250.jpg 200w, https:\/\/nacrattitude.com\/wp-content\/uploads\/2023\/11\/NACRATTITUDE-export-1-18-400x500.jpg 400w, https:\/\/nacrattitude.com\/wp-content\/uploads\/2023\/11\/NACRATTITUDE-export-1-18-600x750.jpg 600w, https:\/\/nacrattitude.com\/wp-content\/uploads\/2023\/11\/NACRATTITUDE-export-1-18-800x1000.jpg 800w, https:\/\/nacrattitude.com\/wp-content\/uploads\/2023\/11\/NACRATTITUDE-export-1-18-1200x1500.jpg 1200w, https:\/\/nacrattitude.com\/wp-content\/uploads\/2023\/11\/NACRATTITUDE-export-1-18-scaled.jpg 2048w\" sizes=\"(max-width: 640px) 100vw, 600px\" \/><\/span><\/div><\/div><\/div><\/div><\/div>\n","protected":false},"excerpt":{"rendered":"","protected":false},"author":1,"featured_media":0,"parent":0,"menu_order":0,"comment_status":"closed","ping_status":"closed","template":"","meta":{"footnotes":""},"class_list":["post-1891","page","type-page","status-publish","hentry"],"jetpack_sharing_enabled":true,"_links":{"self":[{"href":"https:\/\/nacrattitude.com\/index.php\/wp-json\/wp\/v2\/pages\/1891","targetHints":{"allow":["GET"]}}],"collection":[{"href":"https:\/\/nacrattitude.com\/index.php\/wp-json\/wp\/v2\/pages"}],"about":[{"href":"https:\/\/nacrattitude.com\/index.php\/wp-json\/wp\/v2\/types\/page"}],"author":[{"embeddable":true,"href":"https:\/\/nacrattitude.com\/index.php\/wp-json\/wp\/v2\/users\/1"}],"replies":[{"embeddable":true,"href":"https:\/\/nacrattitude.com\/index.php\/wp-json\/wp\/v2\/comments?post=1891"}],"version-history":[{"count":9,"href":"https:\/\/nacrattitude.com\/index.php\/wp-json\/wp\/v2\/pages\/1891\/revisions"}],"predecessor-version":[{"id":1956,"href":"https:\/\/nacrattitude.com\/index.php\/wp-json\/wp\/v2\/pages\/1891\/revisions\/1956"}],"wp:attachment":[{"href":"https:\/\/nacrattitude.com\/index.php\/wp-json\/wp\/v2\/media?parent=1891"}],"curies":[{"name":"wp","href":"https:\/\/api.w.org\/{rel}","templated":true}]}}